{"id":2631,"date":"2025-05-28T16:06:16","date_gmt":"2025-05-28T19:06:16","guid":{"rendered":"https:\/\/panamericancargo.com.ar\/demo\/?page_id=2631"},"modified":"2025-05-28T16:13:56","modified_gmt":"2025-05-28T19:13:56","slug":"exporta-simple","status":"publish","type":"page","link":"https:\/\/panamericancargo.com.ar\/demo\/services\/exporta-simple\/","title":{"rendered":"Exporta Simple"},"content":{"rendered":"<div class=\"bt_rc_container\"><section id=\"bt_section69f23a88ab22e\" data-parallax=\"0.1\" data-parallax-offset=\"0\" class=\"boldSection topExtraSpaced bottomSpaced btLightSkin gutter inherit btParallax wBackground cover\" style=\"background-color:#4f4f4f;background-image:url('https:\/\/panamericancargo.com.ar\/demo\/wp-content\/uploads\/2025\/05\/young-delivery-man-holding-and-carrying-card-box-2025-03-16-10-58-57-utc-scaled.jpg');\"><div class=\"port\"><div class=\"boldCell\"><div class=\"boldCellInner\"><div class=\"boldRow \" ><div class=\"rowItem col-md-12 col-ms-12  btTextLeft animate animate-fadein animate-moveleft inherit\"  ><div class=\"rowItemContent\"><header class=\"header btClear extralarge btDash bottomDash  btAccentDash btRegularTitle\" style=\"max-width: 800px;\"><div class=\"dash\"><h1><span class=\"headline\">EXPORTA SIMPLE<\/span><\/h1><\/div><\/header><div class=\"btClear btSeparator bottomSemiSpaced noBorder\" ><hr><\/div><\/div><\/div><\/div><\/div><\/div><\/div><\/section><section id=\"bt_section69f23a88ab67c\"  class=\"boldSection topSpaced bottomSemiSpaced gutter inherit\" ><div class=\"port\"><div class=\"boldCell\"><div class=\"boldCellInner\"><div class=\"boldRow \" ><div class=\"rowItem col-md-8 col-ms-12  btTextLeft\"  ><div class=\"rowItemContent\"><header class=\"header btClear medium  btAccentDash btRegularTitle\" ><p class=\"btSuperTitle\">EXPORTA SIMPLE<\/p><div class=\"dash\"><h3><span class=\"headline\">TU PUERTA AL COMERCIO EXTERIOR<\/span><\/h3><\/div><\/header><div class=\"btClear btSeparator topSemiSpaced noBorder\" ><hr><\/div><div class=\"slided smallSliderHeight btSliderHideArrows\"  data-slick='{\"autoplay\":true,\"autoplaySpeed\":3000,\"pauseOnHover\":false,\"pauseOnDotsHover\":true}'><div class=\"slidedItem firstItem\"  data-thumb=\"https:\/\/panamericancargo.com.ar\/demo\/wp-content\/uploads\/2025\/05\/partial-view-of-entrepreneur-packing-customers-pur-2024-11-18-23-32-07-utc-320x214.jpg\"><div class=\"btSliderPort wBackground cover\" style=\"background-image: url('https:\/\/panamericancargo.com.ar\/demo\/wp-content\/uploads\/2025\/05\/partial-view-of-entrepreneur-packing-customers-pur-2024-11-18-23-32-07-utc-scaled.jpg')\"><div class=\"btSliderCell\" data-slick=\"yes\"><div class=\"btSlideGutter\"><div class=\"btSlidePane\"><\/div><\/div><\/div><\/div><\/div><div class=\"slidedItem firstItem\"  data-thumb=\"https:\/\/panamericancargo.com.ar\/demo\/wp-content\/uploads\/2025\/05\/print-house-worker-controlling-printing-process-qu-2025-03-15-04-30-54-utc-320x213.jpg\"><div class=\"btSliderPort wBackground cover\" style=\"background-image: url('https:\/\/panamericancargo.com.ar\/demo\/wp-content\/uploads\/2025\/05\/print-house-worker-controlling-printing-process-qu-2025-03-15-04-30-54-utc-scaled.jpg')\"><div class=\"btSliderCell\" data-slick=\"yes\"><div class=\"btSlideGutter\"><div class=\"btSlidePane\"><\/div><\/div><\/div><\/div><\/div><div class=\"slidedItem firstItem\"  data-thumb=\"https:\/\/panamericancargo.com.ar\/demo\/wp-content\/uploads\/2025\/05\/pexels-ketut-subiyanto-4246109-320x213.jpg\"><div class=\"btSliderPort wBackground cover\" style=\"background-image: url('https:\/\/panamericancargo.com.ar\/demo\/wp-content\/uploads\/2025\/05\/pexels-ketut-subiyanto-4246109-scaled.jpg')\"><div class=\"btSliderCell\" data-slick=\"yes\"><div class=\"btSlideGutter\"><div class=\"btSlidePane\"><\/div><\/div><\/div><\/div><\/div><\/div><div class=\"btClear btSeparator topSemiSpaced noBorder\" ><hr><\/div><div class=\"btText\"><p><img loading=\"lazy\" class=\"alignnone wp-image-2640\" src=\"https:\/\/panamericancargo.com.ar\/demo\/wp-content\/uploads\/2025\/05\/1554925266367.png\" alt=\"\" width=\"275\" height=\"118\" srcset=\"https:\/\/panamericancargo.com.ar\/demo\/wp-content\/uploads\/2025\/05\/1554925266367.png 640w, https:\/\/panamericancargo.com.ar\/demo\/wp-content\/uploads\/2025\/05\/1554925266367-320x138.png 320w, https:\/\/panamericancargo.com.ar\/demo\/wp-content\/uploads\/2025\/05\/1554925266367-540x232.png 540w\" sizes=\"(max-width: 275px) 100vw, 275px\" \/><\/p>\n<p class=\"body\">Exporta Simple es un r\u00e9gimen creado por el Estado argentino para <strong>facilitar exportaciones de menor escala, sin necesidad de inscripci\u00f3n previa como exportador ni grandes vol\u00famenes.<\/strong><\/p>\n<p class=\"body\">Panamerican Cargo es el primer Operador Log\u00edstico Exporta Simple (OLES) habilitado del interior del pa\u00eds, y brindamos un servicio integral para que tu mercader\u00eda llegue al mundo desde Rosario, de manera simple, r\u00e1pida y segura.<\/p>\n<\/div><div class=\"btClear btSeparator topSemiSpaced noBorder\" ><hr><\/div><div class=\"btText\"><h6><strong>Ideal para:<\/strong><\/h6>\n<ul>\n<li style=\"list-style-type: none;\">\n<ul>\n<li style=\"list-style-type: none;\">\n<ul>\n<li>PyMEs con producci\u00f3n local<\/li>\n<li>Emprendedores y nuevos exportadores<\/li>\n<li>E-commerce con ventas al exterior<\/li>\n<li>Env\u00edos espor\u00e1dicos o de bajo volumen<\/li>\n<\/ul>\n<\/li>\n<\/ul>\n<\/li>\n<\/ul>\n<\/div><div class=\"btClear btSeparator topSemiSpaced noBorder\" ><hr><\/div><\/div><\/div><div class=\"rowItem col-sm-4 col-ms-12 btTextLeft inherit btDoublePadding\"  ><div class=\"rowItemContent\"><header class=\"header btClear small  btAccentDash btRegularTitle\" ><p class=\"btSuperTitle\">M\u00c1S<\/p><div class=\"dash\"><h4><span class=\"headline\">OTROS SERVICIOS<\/span><\/h4><\/div><\/header><div class=\"btCustomMenu \" ><div class=\"menu-services-menu-container\"><ul id=\"menu-services-menu\" class=\"menu\"><li id=\"menu-item-2354\" class=\"menu-item menu-item-type-post_type menu-item-object-page menu-item-2354\"><a href=\"https:\/\/panamericancargo.com.ar\/demo\/services\/transporte-maritimo-internacional\/\">Transporte Mar\u00edtimo Internacional<\/a><\/li><li id=\"menu-item-2356\" class=\"menu-item menu-item-type-post_type menu-item-object-page menu-item-2356\"><a href=\"https:\/\/panamericancargo.com.ar\/demo\/transporte-aereo-internacional\/\">Transporte A\u00e9reo Internacional<\/a><\/li><li id=\"menu-item-2355\" class=\"menu-item menu-item-type-post_type menu-item-object-page menu-item-2355\"><a href=\"https:\/\/panamericancargo.com.ar\/demo\/services\/transporte-terrestre-nacional-e-internacional\/\">Transporte Terrestre Nacional e Internacional<\/a><\/li><li id=\"menu-item-2436\" class=\"menu-item menu-item-type-post_type menu-item-object-page menu-item-2436\"><a href=\"https:\/\/panamericancargo.com.ar\/demo\/services\/courier\/\">Courier Internacional<\/a><\/li><li id=\"menu-item-2358\" class=\"menu-item menu-item-type-post_type menu-item-object-page menu-item-2358\"><a href=\"https:\/\/panamericancargo.com.ar\/demo\/services\/deposito-fiscal\/\">Dep\u00f3sito Fiscal<\/a><\/li><li id=\"menu-item-2359\" class=\"menu-item menu-item-type-post_type menu-item-object-page menu-item-2359\"><a href=\"https:\/\/panamericancargo.com.ar\/demo\/services\/productor-y-broker-de-seguros\/\">Productor y Broker de Seguros<\/a><\/li><li id=\"menu-item-2357\" class=\"menu-item menu-item-type-post_type menu-item-object-page menu-item-2357\"><a href=\"https:\/\/panamericancargo.com.ar\/demo\/services\/estudio-aduanero-y-asesoria\/\">Estudio Aduanero y Asesor\u00eda<\/a><\/li><li id=\"menu-item-2649\" class=\"menu-item menu-item-type-post_type menu-item-object-page menu-item-2649\"><a href=\"https:\/\/panamericancargo.com.ar\/demo\/services\/exporta-simple\/\">Exporta Simple<\/a><\/li>\n<\/ul><\/div><\/div><div class=\"btClear btSeparator topSpaced noBorder\" ><hr><\/div><div class=\"btIconImageRow\" ><div class=\"btIco borderless extrasmall\"><span  data-ico-fa=\"&#xf0e0;\" class=\"btIcoHolder\"><span>info@panamericancargo.com.ar<\/span><\/span><\/div><\/div><div class=\"btIconImageRow\" ><div class=\"btIco borderless extrasmall\"><span  data-ico-fa=\"&#xf095;\" class=\"btIcoHolder\"><span>Rosario: (+54 341) 482-8155\/56 Buenos Aires: (+54 11) 5031-1570\/71<\/span><\/span><\/div><\/div><div class=\"btClear btSeparator topSmallSpaced noBorder\" ><hr><\/div><\/div><\/div><\/div><div class=\"boldRow \" ><div class=\"rowItem col-md-12 col-ms-12  btTextLeft inherit\"  ><div class=\"rowItemContent\"><div class=\"btText\"><h6>Diferencias clave con la exportaci\u00f3n tradicional:<\/h6>\n<\/div><div class=\"btClear btSeparator topSmallSpaced noBorder\" ><hr><\/div><\/div><\/div><\/div><div class=\"boldRow \" ><div class=\"rowItem col-sm-4 col-ms-12 btTextLeft inherit\"  ><div class=\"rowItemContent\"><div class=\"btText\"><p><strong>Exportaci\u00f3n Tradicional<\/strong><\/p>\n<ul>\n<li class=\"selectable-text copyable-text x15bjb6t x1n2onr6\" dir=\"ltr\"><span class=\"selectable-text copyable-text xkrh14z\">Requiere inscripci\u00f3n previa <\/span><\/li>\n<li class=\"selectable-text copyable-text x15bjb6t x1n2onr6\" dir=\"ltr\"><span class=\"selectable-text copyable-text xkrh14z\">Tr\u00e1mites m\u00e1s complejos<\/span><\/li>\n<li class=\"selectable-text copyable-text x15bjb6t x1n2onr6\" dir=\"ltr\"><span class=\"selectable-text copyable-text xkrh14z\">Env\u00edos grandes y frecuentes <\/span><\/li>\n<li class=\"selectable-text copyable-text x15bjb6t x1n2onr6\" dir=\"ltr\"><span class=\"selectable-text copyable-text xkrh14z\">Costos operativos m\u00e1s altos <\/span><\/li>\n<\/ul>\n<\/div><\/div><\/div><div class=\"rowItem col-sm-4 col-ms-12 btTextLeft\"  ><div class=\"rowItemContent\"><div class=\"btText\"><p><strong>Exporta Simple<\/strong><\/p>\n<ul>\n<li class=\"selectable-text copyable-text x15bjb6t x1n2onr6\" dir=\"ltr\">No requiere estar registrado como exportador<\/li>\n<li class=\"selectable-text copyable-text x15bjb6t x1n2onr6\" dir=\"ltr\">Procedimiento simplificado<\/li>\n<li class=\"selectable-text copyable-text x15bjb6t x1n2onr6\" dir=\"ltr\">Env\u00edos ocasionales y de bajo volumen<\/li>\n<li class=\"selectable-text copyable-text x15bjb6t x1n2onr6\" dir=\"ltr\">Costos accesibles y reducidos<\/li>\n<\/ul>\n<\/div><\/div><\/div><div class=\"rowItem col-sm-4 col-ms-12 btTextLeft\"  ><div class=\"rowItemContent\"><\/div><\/div><\/div><div class=\"boldRow \" ><div class=\"rowItem col-md-12 col-ms-12  btTextLeft\"  ><div class=\"rowItemContent\"><div class=\"btClear btSeparator topSemiSpaced noBorder\" ><hr><\/div><div class=\"btText\"><h6>Video explicativo:<\/h6>\n<p>\u2192 Conoc\u00e9<a href=\"https:\/\/www.youtube.com\/watch?v=NaXcnNCX7ic&amp;ab_channel=Secretar%C3%ADadeIndustriayDesarrolloProductivo\" target=\"_blank\" rel=\"noopener\"><span style=\"color: #ffcc00;\"> c\u00f3mo funciona<\/span> <\/a>Exporta Simple.<\/p>\n<\/div><\/div><\/div><\/div><\/div><\/div><\/div><\/section><section id=\"bt_section69f23a88afdbe\" data-parallax=\"0.1\" data-parallax-offset=\"0\" class=\"boldSection topSmallSpaced bottomSmallSpaced btDarkSkin gutter inherit btParallax\" style=\"background-color:#023341;\"><div class=\"port\"><div class=\"boldCell\"><div class=\"boldCellInner\"><div class=\"boldRow \" ><div class=\"rowItem col-sm-4 col-ms-12 btTextLeft animate animate-fadein btHighlight inherit\"  ><div class=\"rowItemContent\"><div class=\"btClear btSeparator topSemiSpaced noBorder\" ><hr><\/div><div class=\"servicesItem  mediumIcon borderlessIconType \"><div class=\"sIcon\"><div class=\"btIco medium borderless\"><span  data-ico-cs=\"&#xe630;\" class=\"btIcoHolder\"><\/span><\/div><\/div><div class=\"sTxt\"><header class=\"header btClear extrasmall\" ><div class=\"dash\"><h4><span class=\"headline\">JUST IN TIME SERVICE<\/span><\/h4><\/div><\/header><p>Nuestro servicio de log\u00edstica precisa para nos permite cumplir con los m\u00e1s exigentes plazos de entrega comprometidos con los clientes.<br><\/p><\/div><\/div><div class=\"btClear btSeparator topSemiSpaced noBorder\" ><hr><\/div><\/div><\/div><div class=\"rowItem col-sm-4 col-ms-12 btTextLeft animate animate-fadein btHighlight inherit\"  ><div class=\"rowItemContent\"><div class=\"btClear btSeparator topSemiSpaced noBorder\" ><hr><\/div><div class=\"servicesItem  mediumIcon borderlessIconType \"><div class=\"sIcon\"><div class=\"btIco medium borderless\"><span  data-ico-cs=\"&#xe650;\" class=\"btIcoHolder\"><\/span><\/div><\/div><div class=\"sTxt\"><header class=\"header btClear extrasmall\" ><div class=\"dash\"><h4><span class=\"headline\">CONTROL 24\/7<\/span><\/h4><\/div><\/header><p>El seguimiento constante y nuestra atenci\u00f3n personalizada le aseguran un control total sobre sus cargas.<br><\/p><\/div><\/div><div class=\"btClear btSeparator topSemiSpaced noBorder\" ><hr><\/div><\/div><\/div><div class=\"rowItem col-sm-4 col-ms-12 btTextLeft animate animate-fadein btHighlight inherit\"  ><div class=\"rowItemContent\"><div class=\"btClear btSeparator topSemiSpaced noBorder\" ><hr><\/div><div class=\"servicesItem  mediumIcon borderlessIconType \"><div class=\"sIcon\"><div class=\"btIco medium borderless\"><span  data-ico-cs=\"&#xe65d;\" class=\"btIcoHolder\"><\/span><\/div><\/div><div class=\"sTxt\"><header class=\"header btClear extrasmall\" ><div class=\"dash\"><h4><span class=\"headline\">FULL MANAGEMENT<\/span><\/h4><\/div><\/header><p>Con nuestro equipo de profesionales cubrimos cada aspecto de los procesos de log\u00edstica de cargas internacionales.<br><\/p><\/div><\/div><div class=\"btClear btSeparator topSemiSpaced noBorder\" ><hr><\/div><\/div><\/div><\/div><\/div><\/div><\/div><\/section><\/div>","protected":false},"excerpt":{"rendered":"","protected":false},"author":1,"featured_media":0,"parent":56,"menu_order":0,"comment_status":"closed","ping_status":"closed","template":"","meta":[],"_links":{"self":[{"href":"https:\/\/panamericancargo.com.ar\/demo\/wp-json\/wp\/v2\/pages\/2631"}],"collection":[{"href":"https:\/\/panamericancargo.com.ar\/demo\/wp-json\/wp\/v2\/pages"}],"about":[{"href":"https:\/\/panamericancargo.com.ar\/demo\/wp-json\/wp\/v2\/types\/page"}],"author":[{"embeddable":true,"href":"https:\/\/panamericancargo.com.ar\/demo\/wp-json\/wp\/v2\/users\/1"}],"replies":[{"embeddable":true,"href":"https:\/\/panamericancargo.com.ar\/demo\/wp-json\/wp\/v2\/comments?post=2631"}],"version-history":[{"count":9,"href":"https:\/\/panamericancargo.com.ar\/demo\/wp-json\/wp\/v2\/pages\/2631\/revisions"}],"predecessor-version":[{"id":2647,"href":"https:\/\/panamericancargo.com.ar\/demo\/wp-json\/wp\/v2\/pages\/2631\/revisions\/2647"}],"up":[{"embeddable":true,"href":"https:\/\/panamericancargo.com.ar\/demo\/wp-json\/wp\/v2\/pages\/56"}],"wp:attachment":[{"href":"https:\/\/panamericancargo.com.ar\/demo\/wp-json\/wp\/v2\/media?parent=2631"}],"curies":[{"name":"wp","href":"https:\/\/api.w.org\/{rel}","templated":true}]}}