{"id":350,"date":"2015-10-01T10:13:38","date_gmt":"2015-10-01T09:13:38","guid":{"rendered":"http:\/\/cargo.omnicom-dev.com\/transport-company\/?page_id=350"},"modified":"2020-12-28T10:40:22","modified_gmt":"2020-12-28T13:40:22","slug":"courier-faqs","status":"publish","type":"page","link":"https:\/\/panamericancargo.com.ar\/demo\/courier-faqs\/","title":{"rendered":"FAQs"},"content":{"rendered":"<div class=\"bt_rc_container\"><section id=\"bt_section69f20f02eb7d6\" data-parallax=\"0.1\" data-parallax-offset=\"0\" class=\"boldSection topExtraSpaced bottomMoreSpaced btDarkSkin gutter btMiddleVertical btParallax wBackground cover\" style=\"background-image:url('https:\/\/panamericancargo.com.ar\/demo\/wp-content\/uploads\/2020\/11\/deconsolidation-1014x487-1-e1607631108696.jpeg');\"><div class=\"port\"><div class=\"boldCell\"><div class=\"boldCellInner\"><div class=\"boldRow \" ><div class=\"rowItem col-md-12 col-ms-12  btTextLeft animate animate-fadein animate-moveleft inherit\"  ><div class=\"rowItemContent\"><header class=\"header btClear extralarge btDash topDash  btAccentDash btRegularTitle\" style=\"max-width: 800px;\"><p class=\"btSuperTitle\">Todo lo que ten\u00e9s que saber<\/p><div class=\"dash\"><h1><span class=\"headline\">R\u00c9GIMEN COURIER<\/span><\/h1><\/div><\/header><div class=\"btClear btSeparator bottomSemiSpaced noBorder\" ><hr><\/div><div class=\"btBtn btBtn btnFilled btnIconLeftPosition btnAccentColor btnSmall btnNormal btnIco\" ><div class=\"btIco borderless extrasmall\"><a href=\"http:\/\/panamericancargo.com.ar\/demo\/empresa\/contact\/\"  data-ico-fa=\"&#xf0e5;\" class=\"btIcoHolder\"><span>CONTACTO<\/span><\/a><\/div><\/div><\/div><\/div><\/div><\/div><\/div><\/div><\/section><section id=\"bt_section69f20f02ebd8c\"  class=\"boldSection topSpaced bottomSpaced gutter inherit\" ><div class=\"port\"><div class=\"boldCell\"><div class=\"boldCellInner\"><div class=\"boldRow \" ><div class=\"rowItem col-sm-4 col-ms-12 btTextRight inherit btDoublePadding\"  ><div class=\"rowItemContent\"><header class=\"header btClear medium  btAccentDash btRegularTitle\" ><p class=\"btSuperTitle\">DESPEJAMOS TUS DUDAS<\/p><div class=\"dash\"><h3><span class=\"headline\">Preguntas y respuestas frecuentes<\/span><\/h3><\/div><\/header><div class=\"btClear btSeparator topSmallSpaced noBorder\" ><hr><\/div><header class=\"header btClear small  btAccentDash btRegularTitle\" ><p class=\"btSuperTitle\">Si te qued\u00f3 alguna duda<\/p><div class=\"dash\"><h4><span class=\"headline\">CONTACTANOS<\/span><\/h4><\/div><\/header><div class=\"btIconImageRow\" ><div class=\"btIco borderless extrasmall\"><a href=\"mailto:courier@panamericancargo.com.ar\"  target=\"no_target\"  data-ico-fa=\"&#xf0e0;\" class=\"btIcoHolder\"><span>courier@panamericancargo.com.ar<\/span><\/a><\/div><\/div><\/div><\/div><div class=\"rowItem col-md-8 col-ms-12  btTextLeft inherit\"  ><div class=\"rowItemContent\"><div class=\"btTabs tabsVertical\" data-open-first=\"\"><ul class=\"tabsHeader\"><li><span>1-\u00bfQu\u00e9 es el r\u00e9gimen de Courier?<\/span><\/li><li><span>2-\u00bfEs necesario estar registrado como importador-exportador para traer productos por Courier?<\/span><\/li><li><span>3-\u00bfCu\u00e1l es la diferencia entre env\u00edo particular y env\u00edo comercial?<\/span><\/li><li><span>4-\u00bfQu\u00e9 son los terceros organismos?<\/span><\/li><li><span>5-\u00bfCu\u00e1les son los principales terceros organismos en nuestro pa\u00eds?<\/span><\/li><li><span>6-\u00bfSe puede traer cualquier tipo de mercader\u00eda?<\/span><\/li><\/ul><div class=\"tabPanes accordionPanes\"><div class=\"tabPane\">\r\n\t\t\t<div class=\"tabAccordionTitle\"><span>1-\u00bfQu\u00e9 es el r\u00e9gimen de Courier?<\/span><\/div>\r\n\t\t\t<div class=\"tabAccordionContent\"><p><span style=\"font-weight: 400;\">Es un r\u00e9gimen simplificado de importaci\u00f3n. Las mercader\u00edas, para que ingresen bajo este r\u00e9gimen, no deber\u00e1n superar los 50 kilogramos ni estar valuadas por un importe superior a los U$S 3000.-<\/span><\/p>\n<\/div>\r\n\t\t<\/div><div class=\"tabPane\">\r\n\t\t\t<div class=\"tabAccordionTitle\"><span>2-\u00bfEs necesario estar registrado como importador-exportador para traer productos por Courier?<\/span><\/div>\r\n\t\t\t<div class=\"tabAccordionContent\"><p><span style=\"font-weight: 400;\">No, no es necesario estar inscripto como importador-exportador para hacer uso del r\u00e9gimen de Courier.<\/span><\/p>\n<\/div>\r\n\t\t<\/div><div class=\"tabPane\">\r\n\t\t\t<div class=\"tabAccordionTitle\"><span>3-\u00bfCu\u00e1l es la diferencia entre env\u00edo particular y env\u00edo comercial?<\/span><\/div>\r\n\t\t\t<div class=\"tabAccordionContent\"><p><span style=\"font-weight: 400;\">El env\u00edo particular puede utilizarse hasta 5 veces por a\u00f1o calendario por persona. Adem\u00e1s existe un limitante en cuanto a la cantidad de productos, s\u00f3lo podr\u00e1n traerse hasta 3 unidades de la misma especie, y no podr\u00e1n tener fin comercial.<\/span><\/p>\n<p><span style=\"font-weight: 400;\">El env\u00edo comercial, por su parte, no tiene l\u00edmites con respecto a la cantidad de env\u00edos por a\u00f1o ni de unidades de la misma especie. Esto quiere decir que puede utilizarse todas las veces que sean necesarias trayendo m\u00e1s de 3 unidades de la misma especio siempre y cuando no superen los 50 kg ni los 3000 d\u00f3lares. Sin embargo, no podr\u00e1n ingresar bajo este r\u00e9gimen aquellos productos que tengan intervenciones de terceros organismos.<\/span><\/p>\n<\/div>\r\n\t\t<\/div><div class=\"tabPane\">\r\n\t\t\t<div class=\"tabAccordionTitle\"><span>4-\u00bfQu\u00e9 son los terceros organismos?<\/span><\/div>\r\n\t\t\t<div class=\"tabAccordionContent\"><p><span style=\"font-weight: 400;\">Son organismos de la Administraci\u00f3n P\u00fablica Nacional que tienen delegadas facultades de control previo al momento de la importaci\u00f3n y la exportaci\u00f3n de mercader\u00edas. Cada organismo act\u00faa seg\u00fan su modalidad, requisitos y procedimientos espec\u00edficos para la emisi\u00f3n de certificados. Es fundamental considerar que existen mercader\u00edas sobre las que interviene m\u00e1s de un organismo, por esto es muy importante que nos consultes sobre el producto en el que est\u00e1s interesado para saber si puede ingresar bajo el r\u00e9gimen de Courier.\u00a0<\/span><\/p>\n<\/div>\r\n\t\t<\/div><div class=\"tabPane\">\r\n\t\t\t<div class=\"tabAccordionTitle\"><span>5-\u00bfCu\u00e1les son los principales terceros organismos en nuestro pa\u00eds?<\/span><\/div>\r\n\t\t\t<div class=\"tabAccordionContent\"><p><span style=\"font-weight: 400;\">Algunos de los Terceros Organismos de Intervenci\u00f3n Previa son:<\/span><\/p>\n<ul>\n<li style=\"list-style-type: none;\">\n<ul>\n<li style=\"list-style-type: none;\">\n<ul>\n<li><span style=\"font-weight: 400;\">Servicio Nacional de Sanidad y Calidad Agroalimentaria (SENASA)\u00a0<\/span><\/li>\n<li><span style=\"font-weight: 400;\">Administraci\u00f3n Nacional de Medicamentos, Alimentos y Tecnolog\u00eda M\u00e9dica (ANMAT)<\/span><\/li>\n<li><span style=\"font-weight: 400;\">Instituto Nacional de Alimentos (INAL)<\/span><\/li>\n<li><span style=\"font-weight: 400;\">Instituto Nacional de Vitivinicultura (INV)<\/span><\/li>\n<li><span style=\"font-weight: 400;\">Instituto Nacional de Tecnolog\u00eda Industrial (INTI) \u2013 Certificado de Homologaci\u00f3n de autopartes y\/o elementos de seguridad (CHAS) y Certificado de Seguridad El\u00e9ctrica<\/span><\/li>\n<\/ul>\n<\/li>\n<\/ul>\n<\/li>\n<\/ul>\n<\/div>\r\n\t\t<\/div><div class=\"tabPane\">\r\n\t\t\t<div class=\"tabAccordionTitle\"><span>6-\u00bfSe puede traer cualquier tipo de mercader\u00eda?<\/span><\/div>\r\n\t\t\t<div class=\"tabAccordionContent\"><p><span style=\"font-weight: 400;\">No, hay una lista de<strong> productos prohibidos<\/strong> que <strong>no pueden ingresar bajo este r\u00e9gimen<\/strong>. A continuaci\u00f3n se detalla una lista <\/span><b>no exhaustiva<\/b><span style=\"font-weight: 400;\"> sobre <\/span><b>algunos<\/b><span style=\"font-weight: 400;\"> productos prohibidos. Para asegurarte si podes traer la mercader\u00eda que te interesa comun\u00edcate con nuestro staff a <span style=\"color: #05496b;\"><em><a style=\"color: #05496b;\" href=\"mailto:courier@panamericancargo.com.ar\"><span style=\"font-weight: 400;\">courier@panamericancargo.com.ar<\/span><\/a><span style=\"font-weight: 400;\">\u00a0<\/span><\/em><\/span><\/span><\/p>\n<ul>\n<li style=\"list-style-type: none;\">\n<ul>\n<li style=\"list-style-type: none;\">\n<ul>\n<li style=\"list-style-type: none;\">\n<ul>\n<li style=\"font-weight: 400;\"><span style=\"font-weight: 400;\">No pueden ser objeto de este r\u00e9gimen, las mercader\u00edas\u00a0 que requieran intervenci\u00f3n de ANMAT.<\/span><\/li>\n<li style=\"font-weight: 400;\"><span style=\"font-weight: 400;\">Joyer\u00eda, art\u00edculos de valor: (objetos de arte, piedras preciosas), dinero<\/span><\/li>\n<li style=\"font-weight: 400;\"><span style=\"font-weight: 400;\">Agujas o cualquier otro tipo de maquinaria para hacer tatuajes<\/span><\/li>\n<li style=\"font-weight: 400;\"><span style=\"font-weight: 400;\">Animales vivos o muertos, restos humanos, pieles no tratadas, plantas naturales<\/span><\/li>\n<li style=\"font-weight: 400;\"><span style=\"font-weight: 400;\">Armas de Fuego o sus componentes, municiones.<\/span><\/li>\n<li style=\"font-weight: 400;\"><span style=\"font-weight: 400;\">Art\u00edculos m\u00e9dicos\/para odontolog\u00eda.<\/span><\/li>\n<li style=\"font-weight: 400;\"><span style=\"font-weight: 400;\">Autopartes que lleven certificaci\u00f3n CHAS.<\/span><\/li>\n<li style=\"font-weight: 400;\"><span style=\"font-weight: 400;\">Medicamentos.<\/span><\/li>\n<li style=\"font-weight: 400;\"><span style=\"font-weight: 400;\">Material falsificado \u201cpirater\u00eda\u201d.<\/span><\/li>\n<li style=\"font-weight: 400;\"><span style=\"font-weight: 400;\">Gases comprimidos, art\u00edculos flamables, pintura en aerosol, gas lacrim\u00f3geno, spray de cabello, desodorantes bajo la misma presentaci\u00f3n. Gases (Inflamables, no t\u00f3xicos no Inflamables y t\u00f3xicos).<\/span><\/li>\n<li style=\"font-weight: 400;\"><span style=\"font-weight: 400;\">L\u00edquidos inflamables.<\/span><\/li>\n<li style=\"font-weight: 400;\"><span style=\"font-weight: 400;\">S\u00f3lidos inflamables.<\/span><\/li>\n<li style=\"font-weight: 400;\"><span style=\"font-weight: 400;\">Sustancias que puedan experimentar combusti\u00f3n espont\u00e1nea.<\/span><\/li>\n<li style=\"font-weight: 400;\"><span style=\"font-weight: 400;\">Sustancias que en contacto con el agua puedan desprender gases inflamables.<\/span><\/li>\n<li style=\"font-weight: 400;\"><span style=\"font-weight: 400;\">Sustancias comburentes y per\u00f3xidos org\u00e1nicos.<\/span><\/li>\n<li style=\"font-weight: 400;\"><span style=\"font-weight: 400;\">Muestras Biol\u00f3gicas, material de laboratorio.<\/span><\/li>\n<li style=\"font-weight: 400;\"><span style=\"font-weight: 400;\">Explosivos, productos t\u00f3xicos, sustancias infecciosas, corrosivos, oxidantes, cerillos.<\/span><\/li>\n<li style=\"font-weight: 400;\"><span style=\"font-weight: 400;\">Material radioactivo.<\/span><\/li>\n<li style=\"font-weight: 400;\"><span style=\"font-weight: 400;\">Drogas, cigarros, cigarrillos, incluso electr\u00f3nicos.<\/span><\/li>\n<li style=\"font-weight: 400;\"><span style=\"font-weight: 400;\">Material magnetizado.<\/span><\/li>\n<li style=\"font-weight: 400;\"><span style=\"font-weight: 400;\">L\u00edquidos y polvos en general (a excepci\u00f3n de perfumes que se podr\u00e1n incluir hasta 3 unidades en una misma orden).<\/span><\/li>\n<li style=\"font-weight: 400;\"><span style=\"font-weight: 400;\">Art\u00edculos o productos usados.<\/span><\/li>\n<li style=\"font-weight: 400;\"><span style=\"font-weight: 400;\">Fiambres, embutidos, semillas y frutas.<\/span><\/li>\n<li style=\"font-weight: 400;\"><span style=\"font-weight: 400;\">Flores, miel, n\u00e1car y flores.<\/span><\/li>\n<li style=\"font-weight: 400;\"><span style=\"font-weight: 400;\">Obras de arte.<\/span><\/li>\n<\/ul>\n<\/li>\n<\/ul>\n<\/li>\n<\/ul>\n<\/li>\n<\/ul>\n<\/div>\r\n\t\t<\/div><\/div><\/div><div class=\"btClear btSeparator topSmallSpaced bottomSmallSpaced noBorder\" ><hr><\/div><\/div><\/div><\/div><\/div><\/div><\/div><\/section><\/div>","protected":false},"excerpt":{"rendered":"","protected":false},"author":1,"featured_media":0,"parent":0,"menu_order":0,"comment_status":"closed","ping_status":"closed","template":"","meta":[],"_links":{"self":[{"href":"https:\/\/panamericancargo.com.ar\/demo\/wp-json\/wp\/v2\/pages\/350"}],"collection":[{"href":"https:\/\/panamericancargo.com.ar\/demo\/wp-json\/wp\/v2\/pages"}],"about":[{"href":"https:\/\/panamericancargo.com.ar\/demo\/wp-json\/wp\/v2\/types\/page"}],"author":[{"embeddable":true,"href":"https:\/\/panamericancargo.com.ar\/demo\/wp-json\/wp\/v2\/users\/1"}],"replies":[{"embeddable":true,"href":"https:\/\/panamericancargo.com.ar\/demo\/wp-json\/wp\/v2\/comments?post=350"}],"version-history":[{"count":10,"href":"https:\/\/panamericancargo.com.ar\/demo\/wp-json\/wp\/v2\/pages\/350\/revisions"}],"predecessor-version":[{"id":2618,"href":"https:\/\/panamericancargo.com.ar\/demo\/wp-json\/wp\/v2\/pages\/350\/revisions\/2618"}],"wp:attachment":[{"href":"https:\/\/panamericancargo.com.ar\/demo\/wp-json\/wp\/v2\/media?parent=350"}],"curies":[{"name":"wp","href":"https:\/\/api.w.org\/{rel}","templated":true}]}}