{"id":2273,"date":"2020-11-30T15:56:25","date_gmt":"2020-11-30T18:56:25","guid":{"rendered":"http:\/\/panamericancargo.com.ar\/es\/?page_id=2273"},"modified":"2020-12-28T10:28:56","modified_gmt":"2020-12-28T13:28:56","slug":"transporte-aereo-internacional","status":"publish","type":"page","link":"https:\/\/panamericancargo.com.ar\/es\/transporte-aereo-internacional\/","title":{"rendered":"Transporte A\u00e9reo Internacional"},"content":{"rendered":"<div class=\"bt_rc_container\"><section id=\"bt_section69e034d8bfb62\" data-parallax=\"0.1\" data-parallax-offset=\"0\" class=\"boldSection topExtraSpaced bottomSpaced btDarkSkin gutter inherit btParallax wBackground cover\" style=\"background-image:url('https:\/\/panamericancargo.com.ar\/es\/wp-content\/uploads\/2020\/12\/aircargo_us-e1607630000142.jpg');\"><div class=\"port\"><div class=\"boldCell\"><div class=\"boldCellInner\"><div class=\"boldRow \" ><div class=\"rowItem col-md-12 col-ms-12  btTextLeft animate animate-fadein animate-moveleft inherit\"  ><div class=\"rowItemContent\"><header class=\"header btClear extralarge btDash bottomDash  btAccentDash btRegularTitle\" style=\"max-width: 800px;\"><div class=\"dash\"><h1><span class=\"headline\">Transporte A\u00e9reo Internacional<\/span><\/h1><\/div><\/header><div class=\"btClear btSeparator bottomSemiSpaced noBorder\" ><hr><\/div><\/div><\/div><\/div><\/div><\/div><\/div><\/section><section id=\"bt_section69e034d8bff22\"  class=\"boldSection topSpaced bottomSemiSpaced gutter inherit\" ><div class=\"port\"><div class=\"boldCell\"><div class=\"boldCellInner\"><div class=\"boldRow \" ><div class=\"rowItem col-md-9 col-ms-12  btTextLeft\"  ><div class=\"rowItemContent\"><header class=\"header btClear medium  btAccentDash btRegularTitle\" ><p class=\"btSuperTitle\">LOG\u00cdSTICA INTEGRAL<\/p><div class=\"dash\"><h3><span class=\"headline\">TRANSPORTE A\u00c9REO INTERNACIONAL<\/span><\/h3><\/div><\/header><div class=\"btClear btSeparator topSemiSpaced noBorder\" ><hr><\/div><div class=\"slided smallSliderHeight btSliderHideArrows\"  data-slick='{\"autoplay\":true,\"autoplaySpeed\":3000,\"pauseOnHover\":false,\"pauseOnDotsHover\":true}'><div class=\"slidedItem firstItem\"  data-thumb=\"https:\/\/panamericancargo.com.ar\/es\/wp-content\/uploads\/2020\/11\/air-cargo-2-320x192.jpg\"><div class=\"btSliderPort wBackground cover\" style=\"background-image: url('https:\/\/panamericancargo.com.ar\/es\/wp-content\/uploads\/2020\/11\/air-cargo-2.jpg')\"><div class=\"btSliderCell\" data-slick=\"yes\"><div class=\"btSlideGutter\"><div class=\"btSlidePane\"><\/div><\/div><\/div><\/div><\/div><div class=\"slidedItem firstItem\"  data-thumb=\"https:\/\/panamericancargo.com.ar\/es\/wp-content\/uploads\/2015\/10\/airliner-plane-sunset-1-320x200.jpg\"><div class=\"btSliderPort wBackground cover\" style=\"background-image: url('https:\/\/panamericancargo.com.ar\/es\/wp-content\/uploads\/2015\/10\/airliner-plane-sunset-1.jpg')\"><div class=\"btSliderCell\" data-slick=\"yes\"><div class=\"btSlideGutter\"><div class=\"btSlidePane\"><\/div><\/div><\/div><\/div><\/div><div class=\"slidedItem firstItem\"  data-thumb=\"https:\/\/panamericancargo.com.ar\/es\/wp-content\/uploads\/2020\/11\/ken-yam-RSYBi_1fhfM-unsplash-320x214.jpg\"><div class=\"btSliderPort wBackground cover\" style=\"background-image: url('https:\/\/panamericancargo.com.ar\/es\/wp-content\/uploads\/2020\/11\/ken-yam-RSYBi_1fhfM-unsplash-scaled.jpg')\"><div class=\"btSliderCell\" data-slick=\"yes\"><div class=\"btSlideGutter\"><div class=\"btSlidePane\"><\/div><\/div><\/div><\/div><\/div><\/div><div class=\"btClear btSeparator topSemiSpaced noBorder\" ><hr><\/div><div class=\"btText\"><p>La s\u00f3lida organizaci\u00f3n y r\u00e1pida ejecuci\u00f3n de nuestro servicio es considerada \u00f3ptima para el env\u00edo y recepci\u00f3n de mercader\u00edas cuando el factor tiempo es la clave.<\/p>\n<p>En Panamerican Cargo brindamos la totalidad de servicios de env\u00edo, para todo tipo de cargas a\u00e9reas, con todas las aerol\u00edneas internacionales.<\/p>\n<\/div><div class=\"btClear btSeparator topSemiSpaced noBorder\" ><hr><\/div><div class=\"btText\"><ul>\n<li style=\"list-style-type: none;\">\n<ul>\n<li style=\"list-style-type: none;\">\n<ul>\n<li>Carga general de vuelos de l\u00edneas.<\/li>\n<li>Full Charter de carga.<\/li>\n<li>Cargas peligrosas y restringidas.<\/li>\n<li>Cargas congeladas y refrigeradas.<\/li>\n<li>Servicio expreso de muestras.<\/li>\n<li>Efectos personales y equipajes no acompa\u00f1ados.<\/li>\n<li>Traslados exequiales.<\/li>\n<\/ul>\n<\/li>\n<\/ul>\n<\/li>\n<\/ul>\n<\/div><\/div><\/div><div class=\"rowItem col-md-3 col-sm-6 col-ms-12 btTextLeft inherit btDoublePadding\"  ><div class=\"rowItemContent\"><header class=\"header btClear small  btAccentDash btRegularTitle\" ><p class=\"btSuperTitle\">M\u00c1S<\/p><div class=\"dash\"><h4><span class=\"headline\">OTROS SERVICIOS<\/span><\/h4><\/div><\/header><div class=\"btCustomMenu \" ><div class=\"menu-services-menu-container\"><ul id=\"menu-services-menu\" class=\"menu\"><li id=\"menu-item-2354\" class=\"menu-item menu-item-type-post_type menu-item-object-page menu-item-2354\"><a href=\"https:\/\/panamericancargo.com.ar\/es\/services\/transporte-maritimo-internacional\/\">Transporte Mar\u00edtimo<\/a><\/li><li id=\"menu-item-2356\" class=\"menu-item menu-item-type-post_type menu-item-object-page menu-item-2356\"><a href=\"https:\/\/panamericancargo.com.ar\/es\/transporte-aereo-internacional\/\">Transporte A\u00e9reo<\/a><\/li><li id=\"menu-item-2355\" class=\"menu-item menu-item-type-post_type menu-item-object-page menu-item-2355\"><a href=\"https:\/\/panamericancargo.com.ar\/es\/services\/transporte-terrestre-nacional-e-internacional\/\">Transporte Terrestre<\/a><\/li><li id=\"menu-item-2436\" class=\"menu-item menu-item-type-post_type menu-item-object-page menu-item-2436\"><a href=\"https:\/\/panamericancargo.com.ar\/es\/services\/courier\/\">Courier Internacional<\/a><\/li><li id=\"menu-item-2358\" class=\"menu-item menu-item-type-post_type menu-item-object-page menu-item-2358\"><a href=\"https:\/\/panamericancargo.com.ar\/es\/services\/deposito-fiscal\/\">Dep\u00f3sito Fiscal<\/a><\/li><li id=\"menu-item-2359\" class=\"menu-item menu-item-type-post_type menu-item-object-page menu-item-2359\"><a href=\"https:\/\/panamericancargo.com.ar\/es\/services\/productor-y-broker-de-seguros\/\">Productor y Broker de Seguros<\/a><\/li><li id=\"menu-item-2357\" class=\"menu-item menu-item-type-post_type menu-item-object-page menu-item-2357\"><a href=\"https:\/\/panamericancargo.com.ar\/es\/services\/estudio-aduanero-y-asesoria\/\">Estudio Aduanero y Asesor\u00eda<\/a><\/li><li id=\"menu-item-2802\" class=\"menu-item menu-item-type-post_type menu-item-object-page menu-item-2802\"><a href=\"https:\/\/panamericancargo.com.ar\/es\/services\/exporta-simple\/\">Exporta Simple<\/a><\/li>\n<\/ul><\/div><\/div><div class=\"btClear btSeparator topSpaced noBorder\" ><hr><\/div><div class=\"btIconImageRow\" ><div class=\"btIco borderless extrasmall\"><span  data-ico-fa=\"&#xf0e0;\" class=\"btIcoHolder\"><span>info@panamericancargo.com.ar<\/span><\/span><\/div><\/div><div class=\"btIconImageRow\" ><div class=\"btIco borderless extrasmall\"><span  data-ico-fa=\"&#xf095;\" class=\"btIcoHolder\"><span>Rosario: (+54 341) 482-8155\/56 Buenos Aires: (+54 11) 5031-1570\/71<\/span><\/span><\/div><\/div><div class=\"btClear btSeparator topSmallSpaced noBorder\" ><hr><\/div><\/div><\/div><\/div><\/div><\/div><\/div><\/section><section id=\"bt_section69e034d8c4107\" data-parallax=\"0.1\" data-parallax-offset=\"0\" class=\"boldSection topSmallSpaced bottomSmallSpaced btDarkSkin gutter inherit btParallax\" style=\"background-color:#023341;\"><div class=\"port\"><div class=\"boldCell\"><div class=\"boldCellInner\"><div class=\"boldRow \" ><div class=\"rowItem col-sm-4 col-ms-12 btTextLeft animate animate-fadein btHighlight inherit\"  ><div class=\"rowItemContent\"><div class=\"btClear btSeparator topSemiSpaced noBorder\" ><hr><\/div><div class=\"servicesItem  mediumIcon borderlessIconType \"><div class=\"sIcon\"><div class=\"btIco medium borderless\"><span  data-ico-cs=\"&#xe606;\" class=\"btIcoHolder\"><\/span><\/div><\/div><div class=\"sTxt\"><header class=\"header btClear extrasmall\" ><div class=\"dash\"><h4><span class=\"headline\">360\u00b0 SHIPPING COVERAGE<\/span><\/h4><\/div><\/header><p>Disponemos de una cobertura total para env\u00edos de importaci\u00f3n y exportaci\u00f3n a todo el mundo, por todas las v\u00edas posibles.<br><\/p><\/div><\/div><div class=\"btClear btSeparator topSemiSpaced noBorder\" ><hr><\/div><\/div><\/div><div class=\"rowItem col-sm-4 col-ms-12 btTextLeft animate animate-fadein btHighlight inherit\"  ><div class=\"rowItemContent\"><div class=\"btClear btSeparator topSemiSpaced noBorder\" ><hr><\/div><div class=\"servicesItem  mediumIcon borderlessIconType \"><div class=\"sIcon\"><div class=\"btIco medium borderless\"><span  data-ico-cs=\"&#xe630;\" class=\"btIcoHolder\"><\/span><\/div><\/div><div class=\"sTxt\"><header class=\"header btClear extrasmall\" ><div class=\"dash\"><h4><span class=\"headline\">JUST IN TIME SERVICE<\/span><\/h4><\/div><\/header><p>Nuestro servicio de log\u00edstica precisa para nos permite cumplir con los m\u00e1s exigentes plazos de entrega comprometidos con los clientes.<br><\/p><\/div><\/div><div class=\"btClear btSeparator topSemiSpaced noBorder\" ><hr><\/div><\/div><\/div><div class=\"rowItem col-sm-4 col-ms-12 btTextLeft animate animate-fadein btHighlight inherit\"  ><div class=\"rowItemContent\"><div class=\"btClear btSeparator topSemiSpaced noBorder\" ><hr><\/div><div class=\"servicesItem  mediumIcon borderlessIconType \"><div class=\"sIcon\"><div class=\"btIco medium borderless\"><span  data-ico-cs=\"&#xe639;\" class=\"btIcoHolder\"><\/span><\/div><\/div><div class=\"sTxt\"><header class=\"header btClear extrasmall\" ><div class=\"dash\"><h4><span class=\"headline\">WORLD WIDE SHIPPING<\/span><\/h4><\/div><\/header><p>Los env\u00edos a cada rinc\u00f3n del mundo ya son nuestra rutina. Disponemos de una amplia trayectoria para todo tipo de cargas.<br><\/p><\/div><\/div><div class=\"btClear btSeparator topSemiSpaced noBorder\" ><hr><\/div><\/div><\/div><\/div><div class=\"boldRow \" ><\/div><\/div><\/div><\/div><\/section><\/div>","protected":false},"excerpt":{"rendered":"","protected":false},"author":1,"featured_media":0,"parent":0,"menu_order":0,"comment_status":"closed","ping_status":"closed","template":"","meta":[],"_links":{"self":[{"href":"https:\/\/panamericancargo.com.ar\/es\/wp-json\/wp\/v2\/pages\/2273"}],"collection":[{"href":"https:\/\/panamericancargo.com.ar\/es\/wp-json\/wp\/v2\/pages"}],"about":[{"href":"https:\/\/panamericancargo.com.ar\/es\/wp-json\/wp\/v2\/types\/page"}],"author":[{"embeddable":true,"href":"https:\/\/panamericancargo.com.ar\/es\/wp-json\/wp\/v2\/users\/1"}],"replies":[{"embeddable":true,"href":"https:\/\/panamericancargo.com.ar\/es\/wp-json\/wp\/v2\/comments?post=2273"}],"version-history":[{"count":8,"href":"https:\/\/panamericancargo.com.ar\/es\/wp-json\/wp\/v2\/pages\/2273\/revisions"}],"predecessor-version":[{"id":2613,"href":"https:\/\/panamericancargo.com.ar\/es\/wp-json\/wp\/v2\/pages\/2273\/revisions\/2613"}],"wp:attachment":[{"href":"https:\/\/panamericancargo.com.ar\/es\/wp-json\/wp\/v2\/media?parent=2273"}],"curies":[{"name":"wp","href":"https:\/\/api.w.org\/{rel}","templated":true}]}}