{"id":2300,"date":"2020-11-30T18:26:44","date_gmt":"2020-11-30T21:26:44","guid":{"rendered":"http:\/\/panamericancargo.com.ar\/es\/?page_id=2300"},"modified":"2020-12-28T10:38:02","modified_gmt":"2020-12-28T13:38:02","slug":"productor-y-broker-de-seguros","status":"publish","type":"page","link":"https:\/\/panamericancargo.com.ar\/es\/services\/productor-y-broker-de-seguros\/","title":{"rendered":"Productor y Broker de Seguros"},"content":{"rendered":"<div class=\"bt_rc_container\"><section id=\"bt_section69d03c3b20672\" data-parallax=\"0.1\" data-parallax-offset=\"0\" class=\"boldSection topExtraSpaced bottomSpaced btDarkSkin gutter inherit btParallax wBackground cover\" style=\"background-image:url('https:\/\/panamericancargo.com.ar\/es\/wp-content\/uploads\/2020\/12\/1_iyRogaD8bWWzIhdlXul9TQ-scaled-e1607634081852.jpeg');\"><div class=\"port\"><div class=\"boldCell\"><div class=\"boldCellInner\"><div class=\"boldRow \" ><div class=\"rowItem col-md-12 col-ms-12  btTextLeft animate animate-fadein animate-moveleft inherit\"  ><div class=\"rowItemContent\"><header class=\"header btClear extralarge btDash bottomDash  btAccentDash btRegularTitle\" style=\"max-width: 800px;\"><div class=\"dash\"><h1><span class=\"headline\">Productor y Broker de Seguros<\/span><\/h1><\/div><\/header><div class=\"btClear btSeparator bottomSemiSpaced noBorder\" ><hr><\/div><\/div><\/div><\/div><\/div><\/div><\/div><\/section><section id=\"bt_section69d03c3b20a25\"  class=\"boldSection topSpaced bottomSemiSpaced gutter inherit\" ><div class=\"port\"><div class=\"boldCell\"><div class=\"boldCellInner\"><div class=\"boldRow \" ><div class=\"rowItem col-md-9 col-ms-12  btTextLeft\"  ><div class=\"rowItemContent\"><header class=\"header btClear medium  btAccentDash btRegularTitle\" ><p class=\"btSuperTitle\">LOG\u00cdSTICA INTEGRAL<\/p><div class=\"dash\"><h3><span class=\"headline\">PRODUCTOR Y BROKER DE SEGUROS<\/span><\/h3><\/div><\/header><div class=\"btClear btSeparator topSemiSpaced noBorder\" ><hr><\/div><div class=\"slided smallSliderHeight btSliderHideArrows\"  data-slick='{\"autoplay\":true,\"autoplaySpeed\":3000,\"pauseOnHover\":false,\"pauseOnDotsHover\":true}'><div class=\"slidedItem firstItem\"  data-thumb=\"https:\/\/panamericancargo.com.ar\/es\/wp-content\/uploads\/2020\/12\/2019_US_Military_Strength_WISSLER-320x168.png\"><div class=\"btSliderPort wBackground cover\" style=\"background-image: url('https:\/\/panamericancargo.com.ar\/es\/wp-content\/uploads\/2020\/12\/2019_US_Military_Strength_WISSLER.png')\"><div class=\"btSliderCell\" data-slick=\"yes\"><div class=\"btSlideGutter\"><div class=\"btSlidePane\"><\/div><\/div><\/div><\/div><\/div><div class=\"slidedItem firstItem\"  data-thumb=\"https:\/\/panamericancargo.com.ar\/es\/wp-content\/uploads\/2020\/12\/shippingcontainersagain_mini-320x159.jpg\"><div class=\"btSliderPort wBackground cover\" style=\"background-image: url('https:\/\/panamericancargo.com.ar\/es\/wp-content\/uploads\/2020\/12\/shippingcontainersagain_mini.jpg')\"><div class=\"btSliderCell\" data-slick=\"yes\"><div class=\"btSlideGutter\"><div class=\"btSlidePane\"><\/div><\/div><\/div><\/div><\/div><div class=\"slidedItem firstItem\"  data-thumb=\"https:\/\/panamericancargo.com.ar\/es\/wp-content\/uploads\/2015\/09\/shutterstock_150647810-320x213.jpg\"><div class=\"btSliderPort wBackground cover\" style=\"background-image: url('https:\/\/panamericancargo.com.ar\/es\/wp-content\/uploads\/2015\/09\/shutterstock_150647810.jpg')\"><div class=\"btSliderCell\" data-slick=\"yes\"><div class=\"btSlideGutter\"><div class=\"btSlidePane\"><\/div><\/div><\/div><\/div><\/div><\/div><div class=\"btClear btSeparator topSemiSpaced noBorder\" ><hr><\/div><div class=\"btText\"><p>En la entrega de una carga de importaci\u00f3n o exportaci\u00f3n en \u00f3ptimas condiciones se ve el \u00e9xito de nuestro servicio de log\u00edstica, pero a pesar de los controles, nada escapa a los hechos imprevisibles.<\/p>\n<p>Para ofrecer un servicio realmente integral, su tranquilidad debe estar incluida. Para ello disponemos de toda la cobertura necesaria para que su atenci\u00f3n est\u00e9 puesta en los negocios.<\/p>\n<\/div><div class=\"btClear btSeparator topSemiSpaced noBorder\" ><hr><\/div><div class=\"btText\"><ul>\n<li style=\"list-style-type: none;\">\n<ul>\n<li style=\"list-style-type: none;\">\n<ul>\n<li>Seguro \u00ab<em>Door to Door<\/em>\u00bb.<\/li>\n<li>Sistema de seguro para contenedores.<\/li>\n<li>Seguro para el transporte de mercader\u00edas.<\/li>\n<li>Comerciales e industriales.<\/li>\n<li>Profesionales.<\/li>\n<li>Veh\u00edculos especiales.<\/li>\n<\/ul>\n<\/li>\n<\/ul>\n<\/li>\n<\/ul>\n<\/div><\/div><\/div><div class=\"rowItem col-md-3 col-sm-6 col-ms-12 btTextLeft inherit btDoublePadding\"  ><div class=\"rowItemContent\"><header class=\"header btClear small  btAccentDash btRegularTitle\" ><p class=\"btSuperTitle\">M\u00c1S<\/p><div class=\"dash\"><h4><span class=\"headline\">OTROS SERVICIOS<\/span><\/h4><\/div><\/header><div class=\"btCustomMenu \" ><div class=\"menu-services-menu-container\"><ul id=\"menu-services-menu\" class=\"menu\"><li id=\"menu-item-2354\" class=\"menu-item menu-item-type-post_type menu-item-object-page menu-item-2354\"><a href=\"https:\/\/panamericancargo.com.ar\/es\/services\/transporte-maritimo-internacional\/\">Transporte Mar\u00edtimo<\/a><\/li><li id=\"menu-item-2356\" class=\"menu-item menu-item-type-post_type menu-item-object-page menu-item-2356\"><a href=\"https:\/\/panamericancargo.com.ar\/es\/transporte-aereo-internacional\/\">Transporte A\u00e9reo<\/a><\/li><li id=\"menu-item-2355\" class=\"menu-item menu-item-type-post_type menu-item-object-page menu-item-2355\"><a href=\"https:\/\/panamericancargo.com.ar\/es\/services\/transporte-terrestre-nacional-e-internacional\/\">Transporte Terrestre<\/a><\/li><li id=\"menu-item-2436\" class=\"menu-item menu-item-type-post_type menu-item-object-page menu-item-2436\"><a href=\"https:\/\/panamericancargo.com.ar\/es\/services\/courier\/\">Courier Internacional<\/a><\/li><li id=\"menu-item-2358\" class=\"menu-item menu-item-type-post_type menu-item-object-page menu-item-2358\"><a href=\"https:\/\/panamericancargo.com.ar\/es\/services\/deposito-fiscal\/\">Dep\u00f3sito Fiscal<\/a><\/li><li id=\"menu-item-2359\" class=\"menu-item menu-item-type-post_type menu-item-object-page menu-item-2359\"><a href=\"https:\/\/panamericancargo.com.ar\/es\/services\/productor-y-broker-de-seguros\/\">Productor y Broker de Seguros<\/a><\/li><li id=\"menu-item-2357\" class=\"menu-item menu-item-type-post_type menu-item-object-page menu-item-2357\"><a href=\"https:\/\/panamericancargo.com.ar\/es\/services\/estudio-aduanero-y-asesoria\/\">Estudio Aduanero y Asesor\u00eda<\/a><\/li><li id=\"menu-item-2802\" class=\"menu-item menu-item-type-post_type menu-item-object-page menu-item-2802\"><a href=\"https:\/\/panamericancargo.com.ar\/es\/services\/exporta-simple\/\">Exporta Simple<\/a><\/li>\n<\/ul><\/div><\/div><div class=\"btClear btSeparator topSpaced noBorder\" ><hr><\/div><div class=\"btIconImageRow\" ><div class=\"btIco borderless extrasmall\"><span  data-ico-fa=\"&#xf0e0;\" class=\"btIcoHolder\"><span>info@panamericancargo.com.ar<\/span><\/span><\/div><\/div><div class=\"btIconImageRow\" ><div class=\"btIco borderless extrasmall\"><span  data-ico-fa=\"&#xf095;\" class=\"btIcoHolder\"><span>Rosario: (+54 341) 482-8155\/56 Buenos Aires: (+54 11) 5031-1570\/71<\/span><\/span><\/div><\/div><div class=\"btClear btSeparator topSmallSpaced noBorder\" ><hr><\/div><\/div><\/div><\/div><\/div><\/div><\/div><\/section><section id=\"bt_section69d03c3b24678\" data-parallax=\"0.1\" data-parallax-offset=\"0\" class=\"boldSection topSmallSpaced bottomSmallSpaced btDarkSkin gutter inherit btParallax\" style=\"background-color:#023341;\"><div class=\"port\"><div class=\"boldCell\"><div class=\"boldCellInner\"><div class=\"boldRow \" ><div class=\"rowItem col-sm-4 col-ms-12 btTextLeft animate animate-fadein btHighlight inherit\"  ><div class=\"rowItemContent\"><div class=\"btClear btSeparator topSemiSpaced noBorder\" ><hr><\/div><div class=\"servicesItem  mediumIcon borderlessIconType \"><div class=\"sIcon\"><div class=\"btIco medium borderless\"><span  data-ico-cs=\"&#xe637;\" class=\"btIcoHolder\"><\/span><\/div><\/div><div class=\"sTxt\"><header class=\"header btClear extrasmall\" ><div class=\"dash\"><h4><span class=\"headline\">360\u00b0 SHIPPING COVERAGE<\/span><\/h4><\/div><\/header><p>Disponemos de una cobertura total para env\u00edos de importaci\u00f3n y exportaci\u00f3n a todo el mundo, por todas las v\u00edas posibles.<br><\/p><\/div><\/div><div class=\"btClear btSeparator topSemiSpaced noBorder\" ><hr><\/div><\/div><\/div><div class=\"rowItem col-sm-4 col-ms-12 btTextLeft animate animate-fadein btHighlight inherit\"  ><div class=\"rowItemContent\"><div class=\"btClear btSeparator topSemiSpaced noBorder\" ><hr><\/div><div class=\"servicesItem  mediumIcon borderlessIconType \"><div class=\"sIcon\"><div class=\"btIco medium borderless\"><span  data-ico-cs=\"&#xe650;\" class=\"btIcoHolder\"><\/span><\/div><\/div><div class=\"sTxt\"><header class=\"header btClear extrasmall\" ><div class=\"dash\"><h4><span class=\"headline\">CONTROL 24\/7<\/span><\/h4><\/div><\/header><p>El seguimiento constante y nuestra atenci\u00f3n personalizada le aseguran un control total sobre sus cargas.<br><\/p><\/div><\/div><div class=\"btClear btSeparator topSemiSpaced noBorder\" ><hr><\/div><\/div><\/div><div class=\"rowItem col-sm-4 col-ms-12 btTextLeft animate animate-fadein btHighlight inherit\"  ><div class=\"rowItemContent\"><div class=\"btClear btSeparator topSemiSpaced noBorder\" ><hr><\/div><div class=\"servicesItem  mediumIcon borderlessIconType \"><div class=\"sIcon\"><div class=\"btIco medium borderless\"><span  data-ico-cs=\"&#xe63b;\" class=\"btIcoHolder\"><\/span><\/div><\/div><div class=\"sTxt\"><header class=\"header btClear extrasmall\" ><div class=\"dash\"><h4><span class=\"headline\">GLOBAL TRUSTED SECURITY<\/span><\/h4><\/div><\/header><p>Al ser productores y brokers de seguros, su carga se encuentra asegurada en cada paso, hasta llegar a su puerta.<br><\/p><\/div><\/div><div class=\"btClear btSeparator topSemiSpaced noBorder\" ><hr><\/div><\/div><\/div><\/div><div class=\"boldRow \" ><\/div><\/div><\/div><\/div><\/section><\/div>","protected":false},"excerpt":{"rendered":"","protected":false},"author":1,"featured_media":0,"parent":56,"menu_order":0,"comment_status":"closed","ping_status":"closed","template":"","meta":[],"_links":{"self":[{"href":"https:\/\/panamericancargo.com.ar\/es\/wp-json\/wp\/v2\/pages\/2300"}],"collection":[{"href":"https:\/\/panamericancargo.com.ar\/es\/wp-json\/wp\/v2\/pages"}],"about":[{"href":"https:\/\/panamericancargo.com.ar\/es\/wp-json\/wp\/v2\/types\/page"}],"author":[{"embeddable":true,"href":"https:\/\/panamericancargo.com.ar\/es\/wp-json\/wp\/v2\/users\/1"}],"replies":[{"embeddable":true,"href":"https:\/\/panamericancargo.com.ar\/es\/wp-json\/wp\/v2\/comments?post=2300"}],"version-history":[{"count":5,"href":"https:\/\/panamericancargo.com.ar\/es\/wp-json\/wp\/v2\/pages\/2300\/revisions"}],"predecessor-version":[{"id":2617,"href":"https:\/\/panamericancargo.com.ar\/es\/wp-json\/wp\/v2\/pages\/2300\/revisions\/2617"}],"up":[{"embeddable":true,"href":"https:\/\/panamericancargo.com.ar\/es\/wp-json\/wp\/v2\/pages\/56"}],"wp:attachment":[{"href":"https:\/\/panamericancargo.com.ar\/es\/wp-json\/wp\/v2\/media?parent=2300"}],"curies":[{"name":"wp","href":"https:\/\/api.w.org\/{rel}","templated":true}]}}