{"id":2636,"date":"2021-01-04T13:55:05","date_gmt":"2021-01-04T16:55:05","guid":{"rendered":"https:\/\/panamericancargo.com.ar\/es\/?page_id=2636"},"modified":"2021-05-03T10:27:46","modified_gmt":"2021-05-03T13:27:46","slug":"empresa","status":"publish","type":"page","link":"https:\/\/panamericancargo.com.ar\/es\/empresa\/","title":{"rendered":"Empresa"},"content":{"rendered":"<div class=\"bt_rc_container\"><section id=\"bt_section69d5f46f1fec8\" data-parallax=\"0.1\" data-parallax-offset=\"0\" class=\"boldSection topExtraSpaced bottomMoreSpaced btDarkSkin gutter btMiddleVertical btParallax wBackground cover\" style=\"background-image:url('https:\/\/panamericancargo.com.ar\/es\/wp-content\/uploads\/2020\/11\/ofi2-modificada-scaled.jpg');\"><div class=\"port\"><div class=\"boldCell\"><div class=\"boldCellInner\"><div class=\"boldRow \" ><div class=\"rowItem col-md-12 col-ms-12  btTextLeft animate animate-fadein animate-moveleft inherit\"  ><div class=\"rowItemContent\"><header class=\"header btClear extralarge btDash bottomDash  btAccentDash btRegularTitle\" style=\"max-width: 800px;\"><p class=\"btSuperTitle\">Panamerican Cargo<\/p><div class=\"dash\"><h1><span class=\"headline\">COMPROMISO CON LA EXCELENCIA<\/span><\/h1><\/div><p class=\"btSubTitle\">Organizaci\u00f3n y eficiencia. Calidad en servicio.<\/p><\/header><div class=\"btClear btSeparator bottomSemiSpaced noBorder\" ><hr><\/div><\/div><\/div><\/div><\/div><\/div><\/div><\/section><section id=\"bt_section69d5f46f20b84\" data-parallax=\"0\" data-parallax-offset=\"0\" class=\"boldSection topSpaced bottomSpaced gutter inherit btParallax wBackground cover\" style=\"background-image:url('https:\/\/panamericancargo.com.ar\/es\/wp-content\/uploads\/2015\/09\/Transparent-background-with-dots.png');\"><div class=\"port\"><div class=\"boldCell\"><div class=\"boldCellInner\"><div class=\"boldRow \" ><div class=\"rowItem col-md-3 col-sm-6 col-ms-12 btTextRight animate animate-fadein animate-moveright inherit btDoublePadding\"  ><div class=\"rowItemContent\"><div class=\"btClear btSeparator topSemiSpaced noBorder\" ><hr><\/div><header class=\"header btClear medium btDash bottomDash  btAccentDash btRegularTitle\" ><p class=\"btSuperTitle\">Sobre Nosotros<\/p><div class=\"dash\"><h3><span class=\"headline\">EMPRESA<\/span><\/h3><\/div><\/header><\/div><\/div><div class=\"rowItem col-md-9 col-ms-12  btTextLeft animate animate-fadein btHighlight inherit btDoublePadding\" style=\"background-color: rgba(2, 51, 65, 1);\" ><div class=\"rowItemContent\"><div class=\"btClear btSeparator topSemiSpaced noBorder\" ><hr><\/div><div class=\"servicesItem  smallIcon borderlessIconType \"><div class=\"sIcon\"><div class=\"btIco small borderless\"><span  data-ico-no=\"&#038;#xicon;\" class=\"btIcoHolder\"><\/span><\/div><\/div><div class=\"sTxt\"><header class=\"header btClear extrasmall\" ><\/header><p>En Panamerican Cargo S.A. nos especializamos en la log\u00edstica nacional e internacional, asumiendo un total compromiso con cada carga transportada.\r<br>\r<br>Nuestra responsabilidad se sustenta de un sistema coordinado, eficiente, s\u00f3lido y constante; brindando una atenci\u00f3n personalizada en cada env\u00edo y garantizando la satisfacci\u00f3n del cliente.\r<br>\r<br>Somos conscientes del rol que ocupan el transporte y la log\u00edstica dentro del negocio de nuestros clientes. De all\u00ed nace nuestra auto exigencia que nos permite asegurar la calidad de los servicios que ofrecemos mediante la optimizaci\u00f3n de los procesos involucrados en el transporte y la cercan\u00eda con nuestros clientes.\r<br>\r<br>Como Operador Log\u00edstico Internacional, en Panamerican Cargo contamos con acceso a todos los tr\u00e1ficos del mundo, con las compa\u00f1\u00edas mar\u00edtimas y a\u00e9reas m\u00e1s importantes, pudiendo ofrecer mayor disponibilidad y mejores frecuencias.\r\n<br><\/p><\/div><\/div><div class=\"btClear btSeparator topSemiSpaced noBorder\" ><hr><\/div><\/div><\/div><\/div><div class=\"boldRow \" ><div class=\"rowItem col-md-12 col-ms-12  btTextRight animate animate-fadein animate-moveright inherit\"  ><div class=\"rowItemContent\"><div class=\"btClear btSeparator topSmallSpaced noBorder\" ><hr><\/div><\/div><\/div><\/div><div class=\"boldRow \" ><div class=\"rowItem col-md-3 col-sm-6 col-ms-12 btTextRight animate animate-fadein animate-moveright inherit btDoublePadding\"  ><div class=\"rowItemContent\"><div class=\"btClear btSeparator topSemiSpaced noBorder\" ><hr><\/div><header class=\"header btClear medium btDash bottomDash  btAccentDash btRegularTitle\" ><p class=\"btSuperTitle\">Sobre Nosotros<\/p><div class=\"dash\"><h3><span class=\"headline\">OBJETIVOS<\/span><\/h3><\/div><\/header><\/div><\/div><div class=\"rowItem col-md-9 col-ms-12  btTextLeft animate animate-fadein btHighlight inherit btDoublePadding\" style=\"background-color: rgba(2, 51, 65, 1);\" ><div class=\"rowItemContent\"><div class=\"btClear btSeparator topSemiSpaced noBorder\" ><hr><\/div><div class=\"servicesItem  smallIcon borderlessIconType \"><div class=\"sIcon\"><div class=\"btIco small borderless\"><span  data-ico-no=\"&#038;#xicon;\" class=\"btIcoHolder\"><\/span><\/div><\/div><div class=\"sTxt\"><header class=\"header btClear extrasmall\" ><\/header><p>Panamerican Cargo S.A. establece los siguientes objetivos:\r\n<br><\/p><\/div><\/div><div class=\"btClear btSeparator topSemiSpaced noBorder\" ><hr><\/div><div class=\"servicesItem  mediumIcon colorless borderlessIconType \"><div class=\"sIcon\"><div class=\"btIco medium colorless borderless\"><span  data-ico-s7=\"&#xe699;\" class=\"btIcoHolder\"><\/span><\/div><\/div><div class=\"sTxt\"><header class=\"header btClear extrasmall\" ><div class=\"dash\"><h4><span class=\"headline\">Implementar y mantener un Sistema de Calidad en todos los procesos asegurando la mejora continua.<\/span><\/h4><\/div><\/header><p><\/p><\/div><\/div><div class=\"btClear btSeparator topExtraSmallSpaced noBorder\" ><hr><\/div><div class=\"servicesItem  mediumIcon colorless borderlessIconType \"><div class=\"sIcon\"><div class=\"btIco medium colorless borderless\"><span  data-ico-s7=\"&#xe611;\" class=\"btIcoHolder\"><\/span><\/div><\/div><div class=\"sTxt\"><header class=\"header btClear extrasmall\" ><div class=\"dash\"><h4><span class=\"headline\">Convertir a Panamerican Cargo S. A. en sin\u00f3nimo de liderazgo en log\u00edstica y distribuci\u00f3n logrando reconocimiento de productores, importadores y exportadores de todo el pa\u00eds.<\/span><\/h4><\/div><\/header><p><\/p><\/div><\/div><div class=\"btClear btSeparator topSemiSpaced noBorder\" ><hr><\/div><div class=\"servicesItem  mediumIcon colorless borderlessIconType \"><div class=\"sIcon\"><div class=\"btIco medium colorless borderless\"><span  data-ico-s7=\"&#xe623;\" class=\"btIcoHolder\"><\/span><\/div><\/div><div class=\"sTxt\"><header class=\"header btClear extrasmall\" ><div class=\"dash\"><h4><span class=\"headline\">Contar con profesionales en materia de Comercio Internacional y de un grupo humano experimentado con amplia trayectoria en el mercado.<\/span><\/h4><\/div><\/header><p><\/p><\/div><\/div><div class=\"btClear btSeparator topSemiSpaced noBorder\" ><hr><\/div><div class=\"servicesItem  mediumIcon colorless borderlessIconType \"><div class=\"sIcon\"><div class=\"btIco medium colorless borderless\"><span  data-ico-s7=\"&#xe63f;\" class=\"btIcoHolder\"><\/span><\/div><\/div><div class=\"sTxt\"><header class=\"header btClear extrasmall\" ><div class=\"dash\"><h4><span class=\"headline\">Afianzar las relaciones con la red de agentes a los fines de garantizar un servicio seguro, tanto al momento del embarque como al momento de evaluar las condiciones en las cuales dichos productos llegar\u00e1n a destino.<\/span><\/h4><\/div><\/header><p><\/p><\/div><\/div><div class=\"btClear btSeparator topSemiSpaced noBorder\" ><hr><\/div><div class=\"servicesItem  mediumIcon colorless borderlessIconType \"><div class=\"sIcon\"><div class=\"btIco medium colorless borderless\"><span  data-ico-s7=\"&#xe66c;\" class=\"btIcoHolder\"><\/span><\/div><\/div><div class=\"sTxt\"><header class=\"header btClear extrasmall\" ><div class=\"dash\"><h4><span class=\"headline\">Cumplir con los requisitos legales y normativos que sean de aplicaci\u00f3n, as\u00ed como otros requisitos que la organizaci\u00f3n suscriba.<\/span><\/h4><\/div><\/header><p><\/p><\/div><\/div><div class=\"btClear btSeparator topSemiSpaced noBorder\" ><hr><\/div><div class=\"servicesItem  smallIcon borderlessIconType \"><div class=\"sIcon\"><div class=\"btIco small borderless\"><span  data-ico-no=\"&#038;#xicon;\" class=\"btIcoHolder\"><\/span><\/div><\/div><div class=\"sTxt\"><header class=\"header btClear extrasmall\" ><\/header><p>Esta pol\u00edtica es comunicada y entendida dentro de la organizaci\u00f3n y es revisada para su continua adecuaci\u00f3n.\r<br>\r<br>POL01 &#8211; Rev02<br><\/p><\/div><\/div><div class=\"btClear btSeparator topSemiSpaced noBorder\" ><hr><\/div><\/div><\/div><\/div><\/div><\/div><\/div><\/section><section id=\"bt_section69d5f46f21eec\" data-parallax=\"0.1\" data-parallax-offset=\"0\" class=\"boldSection topSmallSpaced bottomSmallSpaced btDarkSkin gutter inherit btParallax wBackground cover\" style=\"background-color:#caa82d;background-image:url('https:\/\/panamericancargo.com.ar\/es\/wp-content\/uploads\/2015\/09\/Transparent-background-with-dots.png');\"><div class=\"port\"><div class=\"boldCell\"><div class=\"boldCellInner\"><div class=\"boldRow \" ><div class=\"rowItem col-md-3 col-sm-6 col-ms-12 btTextLeft animate animate-fadein btMiddleVertical\"  ><div class=\"rowItemContent\"><div class=\"btClear btSeparator topExtraSmallSpaced noBorder\" ><hr><\/div><div class=\"servicesItem  mediumIcon colorless borderlessIconType \"><div class=\"sIcon\"><div class=\"btIco medium colorless borderless\"><a href=\"#\"  data-ico-s7=\"&#xe6b5;\" class=\"btIcoHolder\"><\/a><\/div><\/div><div class=\"sTxt\"><header class=\"header btClear extrasmall\" ><div class=\"dash\"><h4><span class=\"headline\">TEL\/FAX<\/span><\/h4><\/div><\/header><p>Rosario +54 341 482-8155\/56\r<br>Buenos Aires +54 11 4326-1344<br><\/p><\/div><\/div><div class=\"btClear btSeparator topExtraSmallSpaced noBorder\" ><hr><\/div><\/div><\/div><div class=\"rowItem btLeftBorder col-md-3 col-sm-6 col-ms-12 btTextLeft animate animate-fadein btMiddleVertical\"  ><div class=\"rowItemContent\"><div class=\"btClear btSeparator topExtraSmallSpaced noBorder\" ><hr><\/div><div class=\"servicesItem  mediumIcon colorless borderlessIconType \"><div class=\"sIcon\"><div class=\"btIco medium colorless borderless\"><a href=\"#\"  data-ico-s7=\"&#xe66b;\" class=\"btIcoHolder\"><\/a><\/div><\/div><div class=\"sTxt\"><header class=\"header btClear extrasmall\" ><div class=\"dash\"><h4><span class=\"headline\">HORARIO DE ATENCI\u00d3N<\/span><\/h4><\/div><\/header><p>Lunes a Viernes\r<br>08:00 a 17:00hs (GMT-3)<br><\/p><\/div><\/div><div class=\"btClear btSeparator topExtraSmallSpaced noBorder\" ><hr><\/div><\/div><\/div><div class=\"rowItem btLeftBorder col-md-3 col-sm-6 col-ms-12 btTextLeft animate animate-fadein btMiddleVertical\"  ><div class=\"rowItemContent\"><div class=\"btClear btSeparator topExtraSmallSpaced noBorder\" ><hr><\/div><div class=\"servicesItem  mediumIcon colorless borderlessIconType \"><div class=\"sIcon\"><div class=\"btIco medium colorless borderless\"><span  data-ico-s7=\"&#xe638;\" class=\"btIcoHolder\"><\/span><\/div><\/div><div class=\"sTxt\"><header class=\"header btClear extrasmall\" ><div class=\"dash\"><h4><span class=\"headline\">OFICINA CENTRAL<\/span><\/h4><\/div><\/header><p>Pasco 1478 \u00b7 Rosario\r<br>Santa Fe, Argentina\r\n<br><\/p><\/div><\/div><div class=\"btClear btSeparator topExtraSmallSpaced noBorder\" ><hr><\/div><\/div><\/div><div class=\"rowItem btLeftBorder col-md-3 col-sm-6 col-ms-12 btTextLeft animate animate-fadein btMiddleVertical\"  ><div class=\"rowItemContent\"><div class=\"btClear btSeparator topExtraSmallSpaced noBorder\" ><hr><\/div><div class=\"servicesItem  mediumIcon colorless borderlessIconType \"><div class=\"sIcon\"><div class=\"btIco medium colorless borderless\"><span  data-ico-s7=\"&#xe638;\" class=\"btIcoHolder\"><\/span><\/div><\/div><div class=\"sTxt\"><header class=\"header btClear extrasmall\" ><div class=\"dash\"><h4><span class=\"headline\">OFICINA BUENOS AIRES<\/span><\/h4><\/div><\/header><p>Esmeralda 779 Piso 2 Oficina 20\r<br>Capital Federal, Argentina<br><\/p><\/div><\/div><div class=\"btClear btSeparator topExtraSmallSpaced noBorder\" ><hr><\/div><\/div><\/div><\/div><\/div><\/div><\/div><\/section><\/div>","protected":false},"excerpt":{"rendered":"","protected":false},"author":1,"featured_media":0,"parent":0,"menu_order":0,"comment_status":"closed","ping_status":"closed","template":"","meta":[],"_links":{"self":[{"href":"https:\/\/panamericancargo.com.ar\/es\/wp-json\/wp\/v2\/pages\/2636"}],"collection":[{"href":"https:\/\/panamericancargo.com.ar\/es\/wp-json\/wp\/v2\/pages"}],"about":[{"href":"https:\/\/panamericancargo.com.ar\/es\/wp-json\/wp\/v2\/types\/page"}],"author":[{"embeddable":true,"href":"https:\/\/panamericancargo.com.ar\/es\/wp-json\/wp\/v2\/users\/1"}],"replies":[{"embeddable":true,"href":"https:\/\/panamericancargo.com.ar\/es\/wp-json\/wp\/v2\/comments?post=2636"}],"version-history":[{"count":6,"href":"https:\/\/panamericancargo.com.ar\/es\/wp-json\/wp\/v2\/pages\/2636\/revisions"}],"predecessor-version":[{"id":2676,"href":"https:\/\/panamericancargo.com.ar\/es\/wp-json\/wp\/v2\/pages\/2636\/revisions\/2676"}],"wp:attachment":[{"href":"https:\/\/panamericancargo.com.ar\/es\/wp-json\/wp\/v2\/media?parent=2636"}],"curies":[{"name":"wp","href":"https:\/\/api.w.org\/{rel}","templated":true}]}}