{"id":2685,"date":"2021-10-15T14:14:30","date_gmt":"2021-10-15T17:14:30","guid":{"rendered":"https:\/\/panamericancargo.com.ar\/es\/?page_id=2685"},"modified":"2021-10-23T11:37:11","modified_gmt":"2021-10-23T14:37:11","slug":"terminos-y-condiciones","status":"publish","type":"page","link":"https:\/\/panamericancargo.com.ar\/es\/terminos-y-condiciones\/","title":{"rendered":"T\u00e9rminos y Condiciones"},"content":{"rendered":"<div class=\"bt_rc_container\"><section id=\"bt_section6a0074215f667\" data-parallax=\"0.1\" data-parallax-offset=\"0\" class=\"boldSection topExtraSpaced bottomMoreSpaced btDarkSkin gutter btMiddleVertical btParallax\" style=\"background-color:#013d4e;\"><div class=\"port\"><div class=\"boldCell\"><div class=\"boldCellInner\"><div class=\"boldRow \" ><div class=\"rowItem col-md-12 col-ms-12  btTextLeft animate animate-fadein animate-moveleft inherit\"  ><div class=\"rowItemContent\"><header class=\"header btClear extralarge btDash topDash  btLightAccentDash btRegularTitle\" style=\"max-width: 800px;\"><p class=\"btSuperTitle\">PANAMERICAN CARGO S.A.<\/p><div class=\"dash\"><h1><span class=\"headline\">T\u00e9rminos y Condiciones Generales de Uso<\/span><\/h1><\/div><\/header><header class=\"header btClear medium  btLightAccentDash btRegularTitle\" style=\"max-width: 800px;\"><p class=\"btSuperTitle\">www.panamericancargo.com.ar<\/p><\/header><\/div><\/div><\/div><\/div><\/div><\/div><\/section><section id=\"bt_section6a0074215fc10\"  class=\"boldSection topSpaced bottomSpaced gutter inherit\" ><div class=\"port\"><div class=\"boldCell\"><div class=\"boldCellInner\"><div class=\"boldRow \" ><div class=\"rowItem col-md-12 col-ms-12  btTextLeft inherit\"  ><div class=\"rowItemContent\"><div class=\"btTabs tabsVertical\" data-open-first=\"\"><ul class=\"tabsHeader\"><li><span>I. AVISO LEGAL<\/span><\/li><li><span>II. ACEPTACI\u00d3N Y CONOCIMIENTO DE LOS T\u00c9RMINOS Y CONDICIONES GENERALES DE USO<\/span><\/li><li><span>III. USUARIO DEL SITIO WEB<\/span><\/li><li><span>IV. INFORMACI\u00d3N ENVIADA A TRAV\u00c9S DEL SITIO<\/span><\/li><li><span>V. RESERVA DE DERECHOS. PROPIEDAD INTELECTUAL SOBRE EL SITIO.<\/span><\/li><li><span>VI. RESTRICCIONES AL USO DEL SITIO WEB<\/span><\/li><li><span>VII. ENLACES<\/span><\/li><li><span>VIII. CANCELACI\u00d3N O SUSPENSI\u00d3N DE USO<\/span><\/li><li><span>IX. MODIFICACIONES EN LOS T\u00c9RMINOS Y CONDICIONES DE USO<\/span><\/li><li><span>X. JURISDICCI\u00d3N Y LEY APLICABLE<\/span><\/li><\/ul><div class=\"tabPanes accordionPanes\"><div class=\"tabPane\">\r\n\t\t\t<div class=\"tabAccordionTitle\"><span>I. AVISO LEGAL<\/span><\/div>\r\n\t\t\t<div class=\"tabAccordionContent\"><p><span style=\"font-weight: 400;\">1.1. Este sitio web pertenece a<\/span><b> PANAMERICAN CARGO S.A. <\/b><span style=\"font-weight: 400;\">sociedad an\u00f3nima regularmente constituida bajo las leyes de la Rep\u00fablica Argentina, CUIT N\u00b030-70943219-9, correo electr\u00f3nico <\/span><a href=\"mailto:info@panamericancargo.com.ar\"><span style=\"font-weight: 400;\">info@panamericancargo.com.ar<\/span><\/a><span style=\"font-weight: 400;\">, y con domicilio social en calle Pasco 1478 de la Ciudad de Rosario, CP 2000, Provincia de Santa Fe, Argentina.\u00a0<\/span><\/p>\n<p><span style=\"font-weight: 400;\">1.2. Los siguientes T\u00e9rminos y Condiciones Generales de Uso se aplicar\u00e1n a la navegaci\u00f3n en el sitio web <\/span><a href=\"https:\/\/panamericancargo.com.ar\/es\/\"><span style=\"font-weight: 400;\">https:\/\/panamericancargo.com.ar\/es\/<\/span><\/a><span style=\"font-weight: 400;\"> (en adelante el \u201cSitio\u201d) y los servicios ofrecidos en el mismo, salvo que los servicios ofrecidos se encuentren sujetos a las disposiciones espec\u00edficas de contrataci\u00f3n, los cuales ser\u00e1n oportunamente proporcionadas por PANAMERICAN CARGO S.A.\u00a0<\/span><\/p>\n<\/div>\r\n\t\t<\/div><div class=\"tabPane\">\r\n\t\t\t<div class=\"tabAccordionTitle\"><span>II. ACEPTACI\u00d3N Y CONOCIMIENTO DE LOS T\u00c9RMINOS Y CONDICIONES GENERALES DE USO<\/span><\/div>\r\n\t\t\t<div class=\"tabAccordionContent\"><p><span style=\"font-weight: 400;\">Toda persona que acceda, utilice y navegue por el Sitio se encuentra obligada a cumplir y respetar los T\u00e9rminos y Condiciones Generales de Uso, los que se aplican a las actividades realizadas por el Usuario en el sitio web. En el caso de que el Usuario no este de acuerdo con los T\u00e9rminos y Condiciones Generales de Uso, deber\u00e1 abstenerse de utilizar el Sitio y\/o los servicios que sean ofrecidos a trav\u00e9s de este.\u00a0<\/span><\/p>\n<\/div>\r\n\t\t<\/div><div class=\"tabPane\">\r\n\t\t\t<div class=\"tabAccordionTitle\"><span>III. USUARIO DEL SITIO WEB<\/span><\/div>\r\n\t\t\t<div class=\"tabAccordionContent\"><p><span style=\"font-weight: 400;\">3.1. Por \u201cUsuario\u201d del Sitio se entiende a todas aquellas personas que utilicen el sitio web, est\u00e9n o no registrados en el mismo.<\/span><\/p>\n<p><span style=\"font-weight: 400;\">3.2. El sitio est\u00e1 dirigido a personas jur\u00eddicas o a personas humanas mayores de edad facultadas para obligarse contractualmente en virtud de las correspondientes normas legales. En el supuesto de que el Usuario no re\u00fana los mencionados requisitos, no podr\u00e1 utilizar el Sitio.<\/span><\/p>\n<\/div>\r\n\t\t<\/div><div class=\"tabPane\">\r\n\t\t\t<div class=\"tabAccordionTitle\"><span>IV. INFORMACI\u00d3N ENVIADA A TRAV\u00c9S DEL SITIO<\/span><\/div>\r\n\t\t\t<div class=\"tabAccordionContent\"><p><span style=\"font-weight: 400;\">4.1. El env\u00edo de informaci\u00f3n a trav\u00e9s del Sitio se rige por estos T\u00e9rminos y Condiciones Generales de Uso y por la Pol\u00edtica de Privacidad y Protecci\u00f3n de Datos.\u00a0<\/span><\/p>\n<p><span style=\"font-weight: 400;\">4.2. El Usuario declara y garantiza que cualquier informaci\u00f3n que proporcione a trav\u00e9s del Sitio es exacta y completa, y que mantendr\u00e1 y actualizar\u00e1 dicha informaci\u00f3n seg\u00fan sea necesario.<\/span><\/p>\n<p><span style=\"font-weight: 400;\">4.3. Si el Usuario proporciona a trav\u00e9s del Sitio informaci\u00f3n personal de cualquier persona a PANAMERICAN CARGO S.A., el Usuario declara que tiene autorizaci\u00f3n para proporcionar dicha informaci\u00f3n y que ha proporcionado toda notificaci\u00f3n necesaria y ha obtenido todos los consentimientos requeridos para el tratamiento de dicha informaci\u00f3n que contempla el uso que el Usuario har\u00e1 de los servicios.<\/span><\/p>\n<\/div>\r\n\t\t<\/div><div class=\"tabPane\">\r\n\t\t\t<div class=\"tabAccordionTitle\"><span>V. RESERVA DE DERECHOS. PROPIEDAD INTELECTUAL SOBRE EL SITIO.<\/span><\/div>\r\n\t\t\t<div class=\"tabAccordionContent\"><p><span style=\"font-weight: 400;\">5.1. El Usuario reconoce y acepta que el Sitio, como todos sus contenidos, ya sea cualquier documentaci\u00f3n, archivo, material, aplicaci\u00f3n, dise\u00f1o, ilustraciones, \u00edconos, fotograf\u00edas, videos, herramienta, c\u00f3digo fuente o cualquier tipo de obra o idea son de propiedad de PANAMERICAN CARGO S.A. o tiene derecho a usarlo en virtud de licencias de uso otorgadas y se encuentran protegidos bajo las leyes aplicables de propiedad intelectual. Asimismo, quedan incluidas dentro del mismo reconocimiento las publicaciones, publicidades o informaci\u00f3n incorporadas al Sitio Web por anunciantes o terceras partes.<\/span><\/p>\n<p><span style=\"font-weight: 400;\">5.2. Queda prohibida cualquier forma de reproducci\u00f3n, distribuci\u00f3n, exhibici\u00f3n, transmisi\u00f3n, retransmisi\u00f3n, emisi\u00f3n en cualquier forma, almacenamiento en cualquier forma, digitalizaci\u00f3n, puesta a disposici\u00f3n, traducci\u00f3n, adaptaci\u00f3n, arreglo comunicaci\u00f3n p\u00fablica o cualquier otro tipo de acto por el cual el Usuario pueda servirse comercial o no comercialmente, directa o indirectamente, en su totalidad o parcialmente de cualquiera de los contenidos de las obras sujetas a los derechos descriptos anteriormente. El incumplimiento de lo se\u00f1alado dar\u00e1 lugar al inicio de las acciones legales civiles y penales que correspondan.<\/span><\/p>\n<p><span style=\"font-weight: 400;\">5.3. En el caso que el Usuario considere que el Sitio viola o atenta de alg\u00fan modo contra derechos de propiedad intelectual de terceros, deber\u00e1 notificarlo a PANAMERICAN CARGO S.A.\u00a0 en la direcci\u00f3n indicada en los presentes T\u00e9rminos y Condiciones Generales de Uso, acompa\u00f1ado de toda informaci\u00f3n y documentaci\u00f3n necesaria que respalde lo expuesto.<\/span><\/p>\n<\/div>\r\n\t\t<\/div><div class=\"tabPane\">\r\n\t\t\t<div class=\"tabAccordionTitle\"><span>VI. RESTRICCIONES AL USO DEL SITIO WEB<\/span><\/div>\r\n\t\t\t<div class=\"tabAccordionContent\"><p><span style=\"font-weight: 400;\">Adem\u00e1s de aceptar los T\u00e9rminos y Condiciones Generales de Uso expuestas en el presente, el Usuario asimismo se obliga a: <\/span><\/p>\n<ul>\n<li><span style=\"font-weight: 400;\">a. No ocultar el origen de la informaci\u00f3n transmitida a trav\u00e9s del Sitio; <\/span><\/li>\n<li><span style=\"font-weight: 400;\">b. No proporcionar informaci\u00f3n falsa o conducente a error a trav\u00e9s del Sitio; <\/span><\/li>\n<li><span style=\"font-weight: 400;\">c. No utilizar ni acceder a los servicios, informaci\u00f3n, aplicaciones o software disponibles en el Sitio de formas prohibidas; <\/span><\/li>\n<li><span style=\"font-weight: 400;\">d. No ingresar ni cargar en el Sitio informaci\u00f3n que contenga virus, caballos de Troya, gusanos, ni ning\u00fan otro programa inform\u00e1tico cuyo objeto sea da\u00f1ar, interceptar, expropiar o interferir sistemas; <\/span><\/li>\n<li><span style=\"font-weight: 400;\">e. No ingresar ni cargar en el Sitio informaci\u00f3n que viole los derechos de propiedad intelectual de terceros; <\/span><\/li>\n<li><span style=\"font-weight: 400;\">f. No utilizar informaci\u00f3n o contenidos publicados en el Sitio para destinarlos a un servicio que compita; <\/span><\/li>\n<li><span style=\"font-weight: 400;\">g. Reconocer que ciertas \u00e1reas del Sitio se encuentran abiertas s\u00f3lo a clientes de PANAMERICAN CARGO S.A. <\/span><\/li>\n<\/ul>\n<p><span style=\"font-weight: 400;\">El listado es una enunciaci\u00f3n meramente ejemplificativa de las restricciones al uso del sitio de las cuales el Usuario se obliga.\u00a0<\/span><\/p>\n<\/div>\r\n\t\t<\/div><div class=\"tabPane\">\r\n\t\t\t<div class=\"tabAccordionTitle\"><span>VII. ENLACES<\/span><\/div>\r\n\t\t\t<div class=\"tabAccordionContent\"><p><span style=\"font-weight: 400;\">7.1. El Sitio podr\u00e1 contener enlaces a Sitios y dem\u00e1s recursos de terceros, los cuales se ofrecen al Usuario s\u00f3lo a efectos pr\u00e1cticos, sin implicar auspicio alguno del contenido de estos por parte de PANAMERICAN CARGO S.A.<\/span><\/p>\n<p><span style=\"font-weight: 400;\">7.2. PANAMERICAN CARGO S.A. no efect\u00faa manifestaci\u00f3n ni declaraci\u00f3n de garant\u00eda alguna en cuanto a la exactitud, precisi\u00f3n, funcionamiento o calidad de los contenidos, software, servicios o aplicaciones que se hallen en los Sitios enlazados y el acceso a \u00e9stos por parte del Usuario se har\u00e1 por cuenta y riesgo de \u00e9ste.\u00a0<\/span><\/p>\n<p><span style=\"font-weight: 400;\">7.3. PANAMERICAN CARGO S.A. no tiene responsabilidad alguna respecto de la disponibilidad de los Sitios enlazados ni del contenido o actividades de los mismos. Adem\u00e1s, la utilizaci\u00f3n de dichos Sitios se encuentra sujeta a los t\u00e9rminos y condiciones generales de uso que sean aplicables al caso, inclusive, entre otras normas, las pol\u00edticas de privacidad correspondientes a tales sitios.<\/span><\/p>\n<\/div>\r\n\t\t<\/div><div class=\"tabPane\">\r\n\t\t\t<div class=\"tabAccordionTitle\"><span>VIII. CANCELACI\u00d3N O SUSPENSI\u00d3N DE USO<\/span><\/div>\r\n\t\t\t<div class=\"tabAccordionContent\"><p><span style=\"font-weight: 400;\">8.1. El Usuario acuerda que PANAMERICAN CARGO S.A. podr\u00e1 extinguir o suspender, a su exclusivo criterio, el derecho que le ha conferido en cuanto al uso del Sitio, pudiendo hacerlo en cualquier momento independientemente de que exista una raz\u00f3n para ello.\u00a0<\/span><\/p>\n<p><span style=\"font-weight: 400;\">8.2. En el caso que proceda la extinci\u00f3n o cancelaci\u00f3n, el Usuario deber\u00e1 dejar de utilizar el Sitio y destruir las copias del contenido que haya realizado. Todo acceso al Sitio luego de haberse producido la extinci\u00f3n, suspensi\u00f3n o cancelaci\u00f3n constituir\u00e1 una infracci\u00f3n. El Usuario declara que PANAMERICAN CARGO S.A. no tendr\u00e1 responsabilidad alguna ante aqu\u00e9l ni ante terceros derivada de la extinci\u00f3n o suspensi\u00f3n de su acceso al Sitio.<\/span><\/p>\n<\/div>\r\n\t\t<\/div><div class=\"tabPane\">\r\n\t\t\t<div class=\"tabAccordionTitle\"><span>IX. MODIFICACIONES EN LOS T\u00c9RMINOS Y CONDICIONES DE USO<\/span><\/div>\r\n\t\t\t<div class=\"tabAccordionContent\"><p><span style=\"font-weight: 400;\">9.1. PANAMERICAN CARGO S.A. se reserva el derecho de modificar los T\u00e9rminos y Condiciones Generales de Uso cuando seg\u00fan lo considere oportuno. El uso permanente del Sitio significar\u00e1 aceptaci\u00f3n del Usuario a cualquier ajuste a tales T\u00e9rminos y Condiciones.\u00a0<\/span><\/p>\n<p><span style=\"font-weight: 400;\">9.2. En el caso que exista alg\u00fan cambio, anunciaremos en nuestro Sitio que se han realizado tales cambios. Todo cambio en nuestros T\u00e9rminos y Condiciones Generales de Uso se publicar\u00e1 en nuestra p\u00e1gina 30 d\u00edas antes de que tales cambios ocurran. Por lo tanto, se le recomienda volver a leer esta declaraci\u00f3n de manera regular.<\/span><\/p>\n<\/div>\r\n\t\t<\/div><div class=\"tabPane\">\r\n\t\t\t<div class=\"tabAccordionTitle\"><span>X. JURISDICCI\u00d3N Y LEY APLICABLE<\/span><\/div>\r\n\t\t\t<div class=\"tabAccordionContent\"><p><span style=\"font-weight: 400;\">10.1. Los presentes T\u00e9rminos y Condiciones Generales de Uso se encuentran regidos, sin excepci\u00f3n, por las leyes de la Rep\u00fablica Argentina y ser\u00e1n interpretados de acuerdo con ellas.\u00a0<\/span><\/p>\n<p><span style=\"font-weight: 400;\">10.2. Ante cualquier diferencia, desacuerdo o conflicto derivado de la interpretaci\u00f3n, validez, alcance y\/o aplicaci\u00f3n de los presentes T\u00e9rminos y Condiciones Generales de Uso, los Usuarios se comunicar\u00e1 con PANAMERICAN CARGO S.A. de forma fehaciente, haci\u00e9ndole llegar su reclamo, con la intenci\u00f3n de que las partes arriben a un acuerdo.\u00a0<\/span><\/p>\n<p><span style=\"font-weight: 400;\">10.3. En el caso de que no sea posible arribar a un acuerdo y con la finalidad de garantizar a los Usuarios el pleno acceso a la justicia, podr\u00e1n elegir someter su reclamo ante: 1. Direcci\u00f3n General de Comercio Interior y Servicios (Defensa del Consumidor). El procedimiento ante este organismo es gratuito y no es necesario contar con patrocinio letrado. 2. Tribunales Ordinarios de la Ciudad de Rosario, Provincia de Santa Fe, Argentina con competencia en la materia.<\/span><\/p>\n<p><span style=\"font-weight: 400;\">10.4. Los Usuarios renuncian expresamente a cualquier otra jurisdicci\u00f3n y competencia que en virtud de sus domicilios presentes o futuros o por cualquier otra causa pudiere corresponderles.<\/span><\/p>\n<\/div>\r\n\t\t<\/div><\/div><\/div><div class=\"btClear btSeparator topSmallSpaced bottomSmallSpaced noBorder\" ><hr><\/div><\/div><\/div><\/div><\/div><\/div><\/div><\/section><\/div>","protected":false},"excerpt":{"rendered":"","protected":false},"author":1,"featured_media":0,"parent":0,"menu_order":0,"comment_status":"closed","ping_status":"closed","template":"","meta":[],"_links":{"self":[{"href":"https:\/\/panamericancargo.com.ar\/es\/wp-json\/wp\/v2\/pages\/2685"}],"collection":[{"href":"https:\/\/panamericancargo.com.ar\/es\/wp-json\/wp\/v2\/pages"}],"about":[{"href":"https:\/\/panamericancargo.com.ar\/es\/wp-json\/wp\/v2\/types\/page"}],"author":[{"embeddable":true,"href":"https:\/\/panamericancargo.com.ar\/es\/wp-json\/wp\/v2\/users\/1"}],"replies":[{"embeddable":true,"href":"https:\/\/panamericancargo.com.ar\/es\/wp-json\/wp\/v2\/comments?post=2685"}],"version-history":[{"count":21,"href":"https:\/\/panamericancargo.com.ar\/es\/wp-json\/wp\/v2\/pages\/2685\/revisions"}],"predecessor-version":[{"id":2725,"href":"https:\/\/panamericancargo.com.ar\/es\/wp-json\/wp\/v2\/pages\/2685\/revisions\/2725"}],"wp:attachment":[{"href":"https:\/\/panamericancargo.com.ar\/es\/wp-json\/wp\/v2\/media?parent=2685"}],"curies":[{"name":"wp","href":"https:\/\/api.w.org\/{rel}","templated":true}]}}