{"id":56,"date":"2015-09-18T11:44:43","date_gmt":"2015-09-18T10:44:43","guid":{"rendered":"http:\/\/cargo.omnicom-dev.com\/transport-company\/?page_id=56"},"modified":"2025-05-28T23:54:23","modified_gmt":"2025-05-29T02:54:23","slug":"services","status":"publish","type":"page","link":"https:\/\/panamericancargo.com.ar\/es\/services\/","title":{"rendered":"Services"},"content":{"rendered":"<div class=\"bt_rc_container\"><section id=\"bt_section69d03d309674e\" data-parallax=\"0.1\" data-parallax-offset=\"-50\" class=\"boldSection topExtraSpaced bottomMoreSpaced gutter fullScreenHeight inherit btParallax wBackground cover\" style=\"background-image:url('https:\/\/panamericancargo.com.ar\/es\/wp-content\/uploads\/2020\/12\/SERVICES3-1.jpg');background-color:rgba(2,51,65,0.5); padding: 10px;\"><div class=\"port\"><div class=\"boldCell\"><div class=\"boldCellInner\"><div class=\"boldRow \" ><div class=\"rowItem col-md-12 col-ms-12  btTextLeft animate animate-fadein animate-moveleft inherit\"  ><div class=\"rowItemContent\"><header class=\"header btClear extralarge  btAccentDash btRegularTitle\" style=\"max-width: 800px;\"><\/header><header class=\"header btClear extralarge  btAccentDash btRegularTitle\" style=\"max-width: 800px;\"><\/header><header class=\"header btClear extralarge  btAccentDash btRegularTitle\" style=\"max-width: 800px;\"><\/header><div class=\"btClear btSeparator bottomSemiSpaced noBorder\" ><hr><\/div><\/div><\/div><\/div><\/div><\/div><\/div><\/section><section id=\"bt_section69d03d30973dc\"  class=\"boldSection btDivider topSpaced bottomSmallSpaced gutter inherit wBackground cover\" style=\"background-image:url('https:\/\/panamericancargo.com.ar\/es\/wp-content\/uploads\/2015\/09\/Transparent-background-with-dots.png');\"><div class=\"port\"><div class=\"boldCell\"><div class=\"boldCellInner\"><div class=\"boldRow \" ><div class=\"rowItem col-md-3 col-sm-6 col-ms-12 btTextRight animate animate-fadein animate-moveright inherit btDoublePadding\"  ><div class=\"rowItemContent\"><header class=\"header btClear medium btDash bottomDash  btAccentDash btRegularTitle\" ><p class=\"btSuperTitle\">LOG\u00cdSTICA INTEGRAL<\/p><div class=\"dash\"><h3><span class=\"headline\">NUESTROS SERVICIOS<\/span><\/h3><\/div><\/header><div class=\"btClear btSeparator topSemiSpaced noBorder\" ><hr><\/div><\/div><\/div><div class=\"rowItem col-md-3 col-sm-6 col-ms-12 btTextLeft animate animate-fadein btHighlight inherit\"  ><div class=\"rowItemContent\"><div class=\"btClear btSeparator topExtraSmallSpaced noBorder\" ><hr><\/div><div class=\"servicesItem  largeIcon borderlessIconType \"><div class=\"sIcon\"><div class=\"btIco large borderless\"><a href=\"\/es\/services\/transporte-maritimo-internacional\/\"  data-ico-cs=\"&#xe652;\" class=\"btIcoHolder\"><\/a><\/div><\/div><div class=\"sTxt\"><header class=\"header btClear extrasmall\" ><div class=\"dash\"><h4><span class=\"headline\">TRANSPORTE MAR\u00cdTIMO INTERNACIONAL<\/span><\/h4><\/div><\/header><p><\/p><\/div><\/div><div class=\"btClear btSeparator topExtraSmallSpaced noBorder\" ><hr><\/div><\/div><\/div><div class=\"rowItem col-md-3 col-sm-6 col-ms-12 btTextLeft animate animate-fadein btHighlight inherit\"  ><div class=\"rowItemContent\"><div class=\"btClear btSeparator topExtraSmallSpaced noBorder\" ><hr><\/div><div class=\"servicesItem  largeIcon borderlessIconType \"><div class=\"sIcon\"><div class=\"btIco large borderless\"><a href=\"\/es\/transporte-aereo-internacional\/\"  data-ico-fa=\"&#xf072;\" class=\"btIcoHolder\"><\/a><\/div><\/div><div class=\"sTxt\"><header class=\"header btClear extrasmall\" ><div class=\"dash\"><h4><span class=\"headline\">TRANSPORTE A\u00c9REO INTERNACIONAL<\/span><\/h4><\/div><\/header><p><\/p><\/div><\/div><div class=\"btClear btSeparator topExtraSmallSpaced noBorder\" ><hr><\/div><\/div><\/div><div class=\"rowItem col-md-3 col-sm-6 col-ms-12 btTextLeft animate animate-fadein btHighlight inherit\"  ><div class=\"rowItemContent\"><div class=\"btClear btSeparator topExtraSmallSpaced noBorder\" ><hr><\/div><div class=\"servicesItem  largeIcon borderlessIconType \"><div class=\"sIcon\"><div class=\"btIco large borderless\"><a href=\"\/es\/services\/transporte-terrestre-nacional-e-internacional\/\"  data-ico-cs=\"&#xe633;\" class=\"btIcoHolder\"><\/a><\/div><\/div><div class=\"sTxt\"><header class=\"header btClear extrasmall\" ><div class=\"dash\"><h4><span class=\"headline\">TRANSPORTE TERRESTRE NACIONAL E INTERNACIONAL<\/span><\/h4><\/div><\/header><p><\/p><\/div><\/div><div class=\"btClear btSeparator topExtraSmallSpaced noBorder\" ><hr><\/div><\/div><\/div><\/div><div class=\"boldRow \" ><div class=\"rowItem col-md-12 col-ms-12  btTextRight animate animate-fadein animate-moveright inherit\"  ><div class=\"rowItemContent\"><div class=\"btClear btSeparator topExtraSmallSpaced noBorder\" ><hr><\/div><\/div><\/div><\/div><div class=\"boldRow \" ><div class=\"rowItem col-md-3 col-sm-6 col-ms-12 btTextLeft animate animate-fadein btHighlight inherit\"  ><div class=\"rowItemContent\"><div class=\"btClear btSeparator topExtraSmallSpaced noBorder\" ><hr><\/div><div class=\"servicesItem  largeIcon borderlessIconType \"><div class=\"sIcon\"><div class=\"btIco large borderless\"><a href=\"\/es\/services\/courier\/\"  data-ico-cs=\"&#xe649;\" class=\"btIcoHolder\"><\/a><\/div><\/div><div class=\"sTxt\"><header class=\"header btClear extrasmall\" ><div class=\"dash\"><h4><span class=\"headline\">COURIER INTERNACIONAL<\/span><\/h4><\/div><\/header><p><\/p><\/div><\/div><div class=\"btClear btSeparator topExtraSmallSpaced noBorder\" ><hr><\/div><\/div><\/div><div class=\"rowItem col-md-3 col-sm-6 col-ms-12 btTextLeft animate animate-fadein btHighlight inherit\"  ><div class=\"rowItemContent\"><div class=\"btClear btSeparator topExtraSmallSpaced noBorder\" ><hr><\/div><div class=\"servicesItem  largeIcon borderlessIconType \"><div class=\"sIcon\"><div class=\"btIco large borderless\"><a href=\"\/es\/services\/deposito-fiscal\/\"  data-ico-cs=\"&#xe64b;\" class=\"btIcoHolder\"><\/a><\/div><\/div><div class=\"sTxt\"><header class=\"header btClear extrasmall\" ><div class=\"dash\"><h4><span class=\"headline\">DEP\u00d3SITO FISCAL<\/span><\/h4><\/div><\/header><p><\/p><\/div><\/div><div class=\"btClear btSeparator topExtraSmallSpaced noBorder\" ><hr><\/div><\/div><\/div><div class=\"rowItem col-md-3 col-sm-6 col-ms-12 btTextLeft animate animate-fadein btHighlight inherit\"  ><div class=\"rowItemContent\"><div class=\"btClear btSeparator topExtraSmallSpaced noBorder\" ><hr><\/div><div class=\"servicesItem  largeIcon borderlessIconType \"><div class=\"sIcon\"><div class=\"btIco large borderless\"><a href=\"\/es\/services\/productor-y-broker-de-seguros\/\"  data-ico-cs=\"&#xe625;\" class=\"btIcoHolder\"><\/a><\/div><\/div><div class=\"sTxt\"><header class=\"header btClear extrasmall\" ><div class=\"dash\"><h4><span class=\"headline\">PRODUCTOR Y BROKER DE SEGUROS<\/span><\/h4><\/div><\/header><p><\/p><\/div><\/div><div class=\"btClear btSeparator topExtraSmallSpaced noBorder\" ><hr><\/div><\/div><\/div><div class=\"rowItem col-md-3 col-sm-6 col-ms-12 btTextLeft animate animate-fadein btHighlight inherit\"  ><div class=\"rowItemContent\"><div class=\"btClear btSeparator topExtraSmallSpaced noBorder\" ><hr><\/div><div class=\"servicesItem  largeIcon borderlessIconType \"><div class=\"sIcon\"><div class=\"btIco large borderless\"><a href=\"\/es\/services\/estudio-aduanero-y-asesoria\/\"  data-ico-fa=\"&#xf0c6;\" class=\"btIcoHolder\"><\/a><\/div><\/div><div class=\"sTxt\"><header class=\"header btClear extrasmall\" ><div class=\"dash\"><h4><span class=\"headline\">ESTUDIO ADUANERO Y ASESOR\u00cdA<\/span><\/h4><\/div><\/header><p><\/p><\/div><\/div><div class=\"btClear btSeparator topExtraSmallSpaced noBorder\" ><hr><\/div><\/div><\/div><\/div><\/div><\/div><\/div><\/section><section id=\"bt_section69d03d309a3af\"  class=\"boldSection topSpaced bottomSpaced btDarkSkin gutter inherit\" style=\"background-color:#cba33a;\"><div class=\"port\"><div class=\"boldCell\"><div class=\"boldCellInner\"><div class=\"boldRow \" ><div class=\"rowItem col-md-12 col-ms-12  btTextLeft animate animate-fadein inherit\"  ><div class=\"rowItemContent\"><div class=\"servicesItem  largeIcon accentIconType \"><div class=\"sIcon\"><div class=\"btIco large accent\"><a href=\"https:\/\/panamericancargo.com.ar\/es\/services\/exporta-simple\/\"  data-ico-cs=\"&#xe60b;\" class=\"btIcoHolder\"><\/a><\/div><\/div><div class=\"sTxt\"><header class=\"header btClear extrasmall\" ><div class=\"dash\"><h4><span class=\"headline\">NUEVO SERVICIO: EXPORTA SIMPLE<\/span><\/h4><\/div><\/header><p>Export\u00e1 al mundo de forma simple. Desde Panamerican Cargo acompa\u00f1amos a PyMEs, emprendedores y empresas que deseen exportar sin complejidades. Somos el primer Operador Log\u00edstico Exporta Simple (OLES) del interior del pa\u00eds, habilitados para gestionar tus exportaciones bajo este r\u00e9gimen \u00e1gil y accesible.<br><\/p><\/div><\/div><\/div><\/div><\/div><\/div><\/div><\/div><\/section><\/div>","protected":false},"excerpt":{"rendered":"","protected":false},"author":1,"featured_media":0,"parent":0,"menu_order":0,"comment_status":"closed","ping_status":"closed","template":"","meta":[],"_links":{"self":[{"href":"https:\/\/panamericancargo.com.ar\/es\/wp-json\/wp\/v2\/pages\/56"}],"collection":[{"href":"https:\/\/panamericancargo.com.ar\/es\/wp-json\/wp\/v2\/pages"}],"about":[{"href":"https:\/\/panamericancargo.com.ar\/es\/wp-json\/wp\/v2\/types\/page"}],"author":[{"embeddable":true,"href":"https:\/\/panamericancargo.com.ar\/es\/wp-json\/wp\/v2\/users\/1"}],"replies":[{"embeddable":true,"href":"https:\/\/panamericancargo.com.ar\/es\/wp-json\/wp\/v2\/comments?post=56"}],"version-history":[{"count":8,"href":"https:\/\/panamericancargo.com.ar\/es\/wp-json\/wp\/v2\/pages\/56\/revisions"}],"predecessor-version":[{"id":2799,"href":"https:\/\/panamericancargo.com.ar\/es\/wp-json\/wp\/v2\/pages\/56\/revisions\/2799"}],"wp:attachment":[{"href":"https:\/\/panamericancargo.com.ar\/es\/wp-json\/wp\/v2\/media?parent=56"}],"curies":[{"name":"wp","href":"https:\/\/api.w.org\/{rel}","templated":true}]}}