{"id":72,"date":"2015-09-18T11:51:09","date_gmt":"2015-09-18T10:51:09","guid":{"rendered":"http:\/\/cargo.omnicom-dev.com\/transport-company\/?page_id=72"},"modified":"2024-02-27T13:36:29","modified_gmt":"2024-02-27T16:36:29","slug":"courier","status":"publish","type":"page","link":"https:\/\/panamericancargo.com.ar\/es\/services\/courier\/","title":{"rendered":"Courier"},"content":{"rendered":"<div class=\"bt_rc_container\"><section id=\"bt_section69f491863d933\" data-parallax=\"0.1\" data-parallax-offset=\"0\" class=\"boldSection topExtraSpaced bottomSpaced btDarkSkin gutter btMiddleVertical btParallax wBackground cover\" style=\"background-image:url('https:\/\/panamericancargo.com.ar\/es\/wp-content\/uploads\/2015\/09\/shutterstock_287716172.jpg');\"><div class=\"port\"><div class=\"boldCell\"><div class=\"boldCellInner\"><div class=\"boldRow \" ><div class=\"rowItem col-md-12 col-ms-12  btTextLeft animate animate-fadein animate-moveleft inherit\"  ><div class=\"rowItemContent\"><header class=\"header btClear extralarge btDash bottomDash  btAccentDash btRegularTitle\" style=\"max-width: 800px;\"><div class=\"dash\"><h1><span class=\"headline\">COURIER INTERNACIONAL<\/span><\/h1><\/div><p class=\"btSubTitle\">Vos compr\u00e1s, nosotros te lo traemos a Rosario<\/p><\/header><div class=\"btClear btSeparator bottomSemiSpaced noBorder\" ><hr><\/div><\/div><\/div><\/div><\/div><\/div><\/div><\/section><section id=\"bt_section69f491863ddd4\"  class=\"boldSection topSpaced bottomSemiSpaced gutter inherit\" ><div class=\"port\"><div class=\"boldCell\"><div class=\"boldCellInner\"><div class=\"boldRow \" ><div class=\"rowItem col-md-9 col-ms-12  btTextLeft\"  ><div class=\"rowItemContent\"><header class=\"header btClear medium  btAccentDash btRegularTitle\" ><p class=\"btSuperTitle\">SIEMPRE A TIEMPO<\/p><div class=\"dash\"><h3><span class=\"headline\">COURIER MIA-ROS<\/span><\/h3><\/div><\/header><div class=\"btClear btSeparator topSmallSpaced noBorder\" ><hr><\/div><div class=\"slided smallSliderHeight btSliderHideArrows\"  data-slick='{\"autoplay\":true,\"autoplaySpeed\":3000,\"pauseOnHover\":false,\"pauseOnDotsHover\":true}'><div class=\"slidedItem firstItem\"  data-thumb=\"https:\/\/panamericancargo.com.ar\/es\/wp-content\/uploads\/2020\/11\/shutterstock_1191669007-600x400-1-320x213.jpg\"><div class=\"btSliderPort wBackground cover\" style=\"background-image: url('https:\/\/panamericancargo.com.ar\/es\/wp-content\/uploads\/2020\/11\/shutterstock_1191669007-600x400-1.jpg')\"><div class=\"btSliderCell\" data-slick=\"yes\"><div class=\"btSlideGutter\"><div class=\"btSlidePane\"><\/div><\/div><\/div><\/div><\/div><div class=\"slidedItem firstItem\"  data-thumb=\"https:\/\/panamericancargo.com.ar\/es\/wp-content\/uploads\/2020\/11\/img2-320x100.jpg\"><div class=\"btSliderPort wBackground cover\" style=\"background-image: url('https:\/\/panamericancargo.com.ar\/es\/wp-content\/uploads\/2020\/11\/img2.jpg')\"><div class=\"btSliderCell\" data-slick=\"yes\"><div class=\"btSlideGutter\"><div class=\"btSlidePane\"><\/div><\/div><\/div><\/div><\/div><div class=\"slidedItem firstItem\"  data-thumb=\"https:\/\/panamericancargo.com.ar\/es\/wp-content\/uploads\/2020\/11\/courier_service4-320x305.jpg\"><div class=\"btSliderPort wBackground cover\" style=\"background-image: url('https:\/\/panamericancargo.com.ar\/es\/wp-content\/uploads\/2020\/11\/courier_service4.jpg')\"><div class=\"btSliderCell\" data-slick=\"yes\"><div class=\"btSlideGutter\"><div class=\"btSlidePane\"><\/div><\/div><\/div><\/div><\/div><\/div><div class=\"btClear btSeparator topSemiSpaced noBorder\" ><hr><\/div><div class=\"btText\"><p>En Panamerican Cargo S.A. contamos con el registro de Prestador de Servicio Postal (PSP) bajo la Licencia de ENACOM R.N.P.S.P. N\u00b0 994, teniendo habilitada para operar la Ruta Miami-Rosario.<\/p>\n<\/div><div class=\"btText\"><p>Este servicio puerta a puerta te permite importar productos peque\u00f1os &#8211; que no superen los 50 kg bruto o peso volum\u00e9trico y que no est\u00e9n valuados por m\u00e1s de U$S 1.000 &#8211; a trav\u00e9s de un r\u00e9gimen espec\u00edfico. Para operar con este servicio no es necesario estar registrado como Importador\/Exportador.<\/p>\n<p>Adem\u00e1s, nuestra empresa cuenta con un <em>warehouse <\/em>en Miami, donde se hace el acopio \u00a0\u0336 y si es necesario el reacondicionamiento \u0336 \u00a0de los paquetes, desde el cual se env\u00edan a Rosario.<\/p>\n<p>El costo del servicio depende de las dimensiones y pesos de cada env\u00edo en espec\u00edfico, siendo el valor est\u00e1ndar de U$D 35 por kg bruto o volum\u00e9trico*.<\/p>\n<\/div><div class=\"btClear btSeparator topSmallSpaced noBorder\" ><hr><\/div><div class=\"btText\"><ul>\n<li style=\"list-style-type: none;\">\n<ul>\n<li style=\"list-style-type: none;\">\n<ul>\n<li>Recepci\u00f3n y almacenaje de los productos\/paquetes en el <em>warehouse<\/em>.<\/li>\n<li>Reacondicionamiento de paquetes en el <em>warehouse.<\/em><\/li>\n<li>Transporte internacional Miami &#8211; Rosario.<\/li>\n<li>Liberaci\u00f3n de la mercader\u00eda en la Aduana de Rosario.<\/li>\n<li>Dep\u00f3sito Fiscal.<\/li>\n<\/ul>\n<\/li>\n<\/ul>\n<\/li>\n<\/ul>\n<\/div><div class=\"btClear btSeparator topSmallSpaced noBorder\" ><hr><\/div><div class=\"btText\"><p>Para realizar tu compra deber\u00e1s registrarte en la secci\u00f3n &#8220;<a href=\"https:\/\/ml4courier.com\/panamericancargo\/jc_registro.php\">Registro Courier<\/a>&#8220;. Una vez que obtengas tu usuario podr\u00e1s hacer el seguimiento de tu env\u00edo y cargar la factura comercial desde nuestra plataforma.<\/p>\n<p>Para conocer m\u00e1s del servicio, contrataciones, consultas y\/o reclamos cont\u00e1ctate con nosotros en: <a href=\"mailto:courier@panamericancargo.com.ar\">courier@panamericancargo.com.ar<\/a> o al (+54 341) 482-8155\/56<\/p>\n<\/div><div class=\"btClear btSeparator topSmallSpaced noBorder\" ><hr><\/div><div class=\"btText\"><p><em>*El precio del servicio de Courier no incluye tributos en aduana y est\u00e1 sujeto a modificaciones. Por cualquier consulta antes de realizar la compra comun\u00edcate con nuestro equipo para que puedan asesorarte correctamente y proveerte de la tarifa actualizada.<\/em><\/p>\n<\/div><div class=\"btClear btSeparator topSmallSpaced noBorder\" ><hr><\/div><div class=\"btClear btSeparator topSmallSpaced noBorder\" ><hr><\/div><header class=\"header btClear small btDash bottomDash  btAccentDash btRegularTitle\" style=\"max-width: 800px;\"><p class=\"btSuperTitle\">Para obtener informaci\u00f3n sobre el ENACOM, consult\u00e1 el enlace.<\/p><\/header><div class=\"bpgPhoto btTextCenter\" > \r\n\t\t\t\t\t<a href=\"https:\/\/www.enacom.gob.ar\/\" target=\"_self\"><\/a>\r\n\t\t\t\t\t<div class=\"boldPhotoBox\"><div class=\"bpbItem\"><div class=\"btImage\"><img src=\"https:\/\/panamericancargo.com.ar\/es\/wp-content\/uploads\/2021\/11\/logoenacom.png\" alt=\"\"><\/div><\/div><\/div>\r\n\t\t\t\t\t<div class=\"captionPane\">\r\n\t\t\t\t\t\t<div class=\"captionTable\">\r\n\t\t\t\t\t\t\t<div class=\"captionCell\">\r\n\t\t\t\t\t\t\t\t<div class=\"captionTxt\"><header class=\"header btClear small btDash bottomDash\" ><\/header><\/div>\r\n\t\t\t\t\t\t\t<\/div>\r\n\t\t\t\t\t\t<\/div>\r\n\t\t\t\t\t<\/div><\/div><div class=\"btClear btSeparator topSmallSpaced noBorder\" ><hr><\/div><header class=\"header btClear small btDash bottomDash  btAccentDash btRegularTitle\" style=\"max-width: 800px;\"><p class=\"btSuperTitle\">Para obtener informaci\u00f3n sobre los derechos que ten\u00e9s como consumidor, consult\u00e1 el enlace.<\/p><\/header><div class=\"bpgPhoto btTextCenter\" > \r\n\t\t\t\t\t<a href=\"https:\/\/www.argentina.gob.ar\/produccion\/defensadelconsumidor\" target=\"_self\"><\/a>\r\n\t\t\t\t\t<div class=\"boldPhotoBox\"><div class=\"bpbItem\"><div class=\"btImage\"><img src=\"https:\/\/panamericancargo.com.ar\/es\/wp-content\/uploads\/2020\/11\/logo_argentina-blanco-1.png\" alt=\"logo_argentina-blanco-1.png\"><\/div><\/div><\/div>\r\n\t\t\t\t\t<div class=\"captionPane\">\r\n\t\t\t\t\t\t<div class=\"captionTable\">\r\n\t\t\t\t\t\t\t<div class=\"captionCell\">\r\n\t\t\t\t\t\t\t\t<div class=\"captionTxt\"><header class=\"header btClear small btDash bottomDash\" ><\/header><\/div>\r\n\t\t\t\t\t\t\t<\/div>\r\n\t\t\t\t\t\t<\/div>\r\n\t\t\t\t\t<\/div><\/div><div class=\"btClear btSeparator topSmallSpaced noBorder\" ><hr><\/div><div class=\"btClear btSeparator topSmallSpaced noBorder\" ><hr><\/div><div class=\"btClear btSeparator topSmallSpaced noBorder\" ><hr><\/div><\/div><\/div><div class=\"rowItem col-md-3 col-sm-6 col-ms-12 btTextLeft inherit btDoublePadding\"  ><div class=\"rowItemContent\"><header class=\"header btClear small  btAccentDash btRegularTitle\" ><p class=\"btSuperTitle\">M\u00c1S INFO<\/p><div class=\"dash\"><h4><span class=\"headline\">PREGUNTAS FRECUENTES<\/span><\/h4><\/div><\/header><div class=\"btBtn btBtn btnFilled btnIconLeftPosition btnAccentColor btnSmall btnFull btnIco\" ><div class=\"btIco borderless extrasmall\"><a href=\"\/es\/courier-faqs\/\"  target=\"_blank\"  data-ico-fa=\"&#xf059;\" class=\"btIcoHolder\"><span>COURIER FAQs<\/span><\/a><\/div><\/div><div class=\"btClear btSeparator topSmallSpaced noBorder\" ><hr><\/div><header class=\"header btClear small  btAccentDash btRegularTitle\" ><p class=\"btSuperTitle\">DESCARGAS<\/p><div class=\"dash\"><h4><span class=\"headline\">GU\u00cdA R\u00c1PIDA<\/span><\/h4><\/div><\/header><div class=\"btBtn btBtn btnFilled btnIconLeftPosition btnAccentColor btnSmall btnFull btnIco\" ><div class=\"btIco borderless extrasmall\"><a href=\"\/es\/wp-content\/uploads\/2020\/11\/Courier-Flyer.pdf\"  target=\"_blank\"  data-ico-fa=\"&#xf1c1;\" class=\"btIcoHolder\"><span>Courier-Flyer<\/span><\/a><\/div><\/div><div class=\"btClear btSeparator topSemiSpaced noBorder\" ><hr><\/div><header class=\"header btClear small  btAccentDash btRegularTitle\" ><div class=\"dash\"><h4><span class=\"headline\">COMUNICATE CON NOSOTROS<\/span><\/h4><\/div><\/header><div class=\"btIconImageRow\" ><div class=\"btIco borderless extrasmall\"><a href=\"\"  target=\"no_target\"  data-ico-fa=\"&#xf0e0;\" class=\"btIcoHolder\"><span>courier@panamericancargo.com.ar<\/span><\/a><\/div><\/div><div class=\"btIconImageRow\" ><div class=\"btIco borderless extrasmall\"><span  data-ico-fa=\"&#xf095;\" class=\"btIcoHolder\"><span>Rosario: (+54 341) 482-8155\/56 Buenos Aires: (+54 11) 5031-1570\/71<\/span><\/span><\/div><\/div><div class=\"btClear btSeparator topSpaced noBorder\" ><hr><\/div><header class=\"header btClear small  btAccentDash btRegularTitle\" ><p class=\"btSuperTitle\">M\u00c1S<\/p><div class=\"dash\"><h4><span class=\"headline\">OTROS SERVICIOS<\/span><\/h4><\/div><\/header><div class=\"btCustomMenu \" ><div class=\"menu-services-menu-container\"><ul id=\"menu-services-menu\" class=\"menu\"><li id=\"menu-item-2354\" class=\"menu-item menu-item-type-post_type menu-item-object-page menu-item-2354\"><a href=\"https:\/\/panamericancargo.com.ar\/es\/services\/transporte-maritimo-internacional\/\">Transporte Mar\u00edtimo<\/a><\/li><li id=\"menu-item-2356\" class=\"menu-item menu-item-type-post_type menu-item-object-page menu-item-2356\"><a href=\"https:\/\/panamericancargo.com.ar\/es\/transporte-aereo-internacional\/\">Transporte A\u00e9reo<\/a><\/li><li id=\"menu-item-2355\" class=\"menu-item menu-item-type-post_type menu-item-object-page menu-item-2355\"><a href=\"https:\/\/panamericancargo.com.ar\/es\/services\/transporte-terrestre-nacional-e-internacional\/\">Transporte Terrestre<\/a><\/li><li id=\"menu-item-2436\" class=\"menu-item menu-item-type-post_type menu-item-object-page menu-item-2436\"><a href=\"https:\/\/panamericancargo.com.ar\/es\/services\/courier\/\">Courier Internacional<\/a><\/li><li id=\"menu-item-2358\" class=\"menu-item menu-item-type-post_type menu-item-object-page menu-item-2358\"><a href=\"https:\/\/panamericancargo.com.ar\/es\/services\/deposito-fiscal\/\">Dep\u00f3sito Fiscal<\/a><\/li><li id=\"menu-item-2359\" class=\"menu-item menu-item-type-post_type menu-item-object-page menu-item-2359\"><a href=\"https:\/\/panamericancargo.com.ar\/es\/services\/productor-y-broker-de-seguros\/\">Productor y Broker de Seguros<\/a><\/li><li id=\"menu-item-2357\" class=\"menu-item menu-item-type-post_type menu-item-object-page menu-item-2357\"><a href=\"https:\/\/panamericancargo.com.ar\/es\/services\/estudio-aduanero-y-asesoria\/\">Estudio Aduanero y Asesor\u00eda<\/a><\/li><li id=\"menu-item-2802\" class=\"menu-item menu-item-type-post_type menu-item-object-page menu-item-2802\"><a href=\"https:\/\/panamericancargo.com.ar\/es\/services\/exporta-simple\/\">Exporta Simple<\/a><\/li>\n<\/ul><\/div><\/div><\/div><\/div><\/div><\/div><\/div><\/div><\/section><\/div>","protected":false},"excerpt":{"rendered":"","protected":false},"author":1,"featured_media":0,"parent":56,"menu_order":0,"comment_status":"closed","ping_status":"closed","template":"","meta":[],"_links":{"self":[{"href":"https:\/\/panamericancargo.com.ar\/es\/wp-json\/wp\/v2\/pages\/72"}],"collection":[{"href":"https:\/\/panamericancargo.com.ar\/es\/wp-json\/wp\/v2\/pages"}],"about":[{"href":"https:\/\/panamericancargo.com.ar\/es\/wp-json\/wp\/v2\/types\/page"}],"author":[{"embeddable":true,"href":"https:\/\/panamericancargo.com.ar\/es\/wp-json\/wp\/v2\/users\/1"}],"replies":[{"embeddable":true,"href":"https:\/\/panamericancargo.com.ar\/es\/wp-json\/wp\/v2\/comments?post=72"}],"version-history":[{"count":20,"href":"https:\/\/panamericancargo.com.ar\/es\/wp-json\/wp\/v2\/pages\/72\/revisions"}],"predecessor-version":[{"id":2766,"href":"https:\/\/panamericancargo.com.ar\/es\/wp-json\/wp\/v2\/pages\/72\/revisions\/2766"}],"up":[{"embeddable":true,"href":"https:\/\/panamericancargo.com.ar\/es\/wp-json\/wp\/v2\/pages\/56"}],"wp:attachment":[{"href":"https:\/\/panamericancargo.com.ar\/es\/wp-json\/wp\/v2\/media?parent=72"}],"curies":[{"name":"wp","href":"https:\/\/api.w.org\/{rel}","templated":true}]}}